{"id":27454,"date":"2026-04-28T00:22:58","date_gmt":"2026-04-27T22:22:58","guid":{"rendered":"https:\/\/donnacolombia.com\/?post_type=product&#038;p=27454"},"modified":"2026-04-28T00:22:58","modified_gmt":"2026-04-27T22:22:58","slug":"sandalias-de-tacon-medio-beira-rio-doradas-tiras-brillos-strass","status":"publish","type":"product","link":"https:\/\/donnacolombia.com\/index.php\/producto\/sandalias-de-tacon-medio-beira-rio-doradas-tiras-brillos-strass\/","title":{"rendered":"Sandalias de Tac\u00f3n Medio Beira Rio- Doradas- Tiras Brillos Strass"},"content":{"rendered":"<p>Haz brillar cada paso con estas sandalias de tac\u00f3n bloque medio Beira Rio, dise\u00f1adas en un deslumbrante acabado dorado metalizado. Sus m\u00faltiples tiras delicadamente adornadas con brillantes tipo strass aportan un aire de lujo y sofisticaci\u00f3n, ideal para eventos especiales o noches inolvidables. La combinaci\u00f3n de su plantilla acolchada y el tac\u00f3n estable garantiza que luzcas impecable con la m\u00e1xima comodidad durante toda la jornada.<\/p>\n","protected":false},"excerpt":{"rendered":"<p>Haz brillar cada paso con estas sandalias de tac\u00f3n bloque medio Beira Rio, dise\u00f1adas en un deslumbrante acabado dorado metalizado. Sus m\u00faltiples tiras delicadamente adornadas con brillantes tipo strass aportan un aire de lujo y sofisticaci\u00f3n, ideal para eventos especiales o noches inolvidables. La combinaci\u00f3n de su plantilla acolchada y el tac\u00f3n estable garantiza que [&#8230;]\n","protected":false},"featured_media":27455,"template":"","meta":[],"product_brand":[],"product_cat":[405],"product_tag":[],"class_list":{"0":"post-27454","1":"product","2":"type-product","3":"status-publish","4":"has-post-thumbnail","6":"product_cat-sandalia","7":"pa_color-dorado","8":"pa_talla-del-calzado-578","9":"pa_talla-del-calzado-582","10":"pa_talla-del-calzado-579","11":"pa_talla-del-calzado-583","13":"first","14":"instock","15":"shipping-taxable","16":"purchasable","17":"product-type-variable"},"yoast_head":"<!-- This site is optimized with the Yoast SEO Premium plugin v26.2 (Yoast SEO v27.4) - https:\/\/yoast.com\/product\/yoast-seo-premium-wordpress\/ -->\n<title>Sandalias de Tac\u00f3n Medio Beira Rio- Doradas- Tiras Brillos Strass - Donna Colombia<\/title>\n<meta name=\"description\" content=\"Luce radiante con las sandalias Beira Rio doradas con tiras de brillantes. Tac\u00f3n medio estable y dise\u00f1o de lujo para fiestas y eventos.\" \/>\n<meta name=\"robots\" content=\"index, follow, max-snippet:-1, max-image-preview:large, max-video-preview:-1\" \/>\n<link rel=\"canonical\" href=\"https:\/\/donnacolombia.com\/index.php\/producto\/sandalias-de-tacon-medio-beira-rio-doradas-tiras-brillos-strass\/\" \/>\n<meta property=\"og:locale\" content=\"es_ES\" \/>\n<meta property=\"og:type\" content=\"article\" \/>\n<meta property=\"og:title\" content=\"Sandalias de Tac\u00f3n Medio Beira Rio- Doradas- Tiras Brillos Strass\" \/>\n<meta property=\"og:description\" content=\"Luce radiante con las sandalias Beira Rio doradas con tiras de brillantes. Tac\u00f3n medio estable y dise\u00f1o de lujo para fiestas y eventos.\" \/>\n<meta property=\"og:url\" content=\"https:\/\/donnacolombia.com\/index.php\/producto\/sandalias-de-tacon-medio-beira-rio-doradas-tiras-brillos-strass\/\" \/>\n<meta property=\"og:site_name\" content=\"Donna Colombia\" \/>\n<meta property=\"og:image\" content=\"https:\/\/donnacolombia.com\/wp-content\/uploads\/2026\/04\/Diseno-sin-titulo-124-scaled.jpg\" \/>\n\t<meta property=\"og:image:width\" content=\"2560\" \/>\n\t<meta property=\"og:image:height\" content=\"2560\" \/>\n\t<meta property=\"og:image:type\" content=\"image\/jpeg\" \/>\n<meta name=\"twitter:card\" content=\"summary_large_image\" \/>\n<meta name=\"twitter:label1\" content=\"Tiempo de lectura\" \/>\n\t<meta name=\"twitter:data1\" content=\"1 minuto\" \/>\n<script type=\"application\/ld+json\" class=\"yoast-schema-graph\">{\"@context\":\"https:\\\/\\\/schema.org\",\"@graph\":[{\"@type\":\"WebPage\",\"@id\":\"https:\\\/\\\/donnacolombia.com\\\/index.php\\\/producto\\\/sandalias-de-tacon-medio-beira-rio-doradas-tiras-brillos-strass\\\/\",\"url\":\"https:\\\/\\\/donnacolombia.com\\\/index.php\\\/producto\\\/sandalias-de-tacon-medio-beira-rio-doradas-tiras-brillos-strass\\\/\",\"name\":\"Sandalias de Tac\u00f3n Medio Beira Rio- Doradas- Tiras Brillos Strass - Donna Colombia\",\"isPartOf\":{\"@id\":\"https:\\\/\\\/donnacolombia.com\\\/#website\"},\"primaryImageOfPage\":{\"@id\":\"https:\\\/\\\/donnacolombia.com\\\/index.php\\\/producto\\\/sandalias-de-tacon-medio-beira-rio-doradas-tiras-brillos-strass\\\/#primaryimage\"},\"image\":{\"@id\":\"https:\\\/\\\/donnacolombia.com\\\/index.php\\\/producto\\\/sandalias-de-tacon-medio-beira-rio-doradas-tiras-brillos-strass\\\/#primaryimage\"},\"thumbnailUrl\":\"https:\\\/\\\/donnacolombia.com\\\/wp-content\\\/uploads\\\/2026\\\/04\\\/Diseno-sin-titulo-124-scaled.jpg\",\"datePublished\":\"2026-04-27T22:22:58+00:00\",\"description\":\"Luce radiante con las sandalias Beira Rio doradas con tiras de brillantes. Tac\u00f3n medio estable y dise\u00f1o de lujo para fiestas y eventos.\",\"breadcrumb\":{\"@id\":\"https:\\\/\\\/donnacolombia.com\\\/index.php\\\/producto\\\/sandalias-de-tacon-medio-beira-rio-doradas-tiras-brillos-strass\\\/#breadcrumb\"},\"inLanguage\":\"es\",\"potentialAction\":[{\"@type\":\"ReadAction\",\"target\":[\"https:\\\/\\\/donnacolombia.com\\\/index.php\\\/producto\\\/sandalias-de-tacon-medio-beira-rio-doradas-tiras-brillos-strass\\\/\"]}]},{\"@type\":\"ImageObject\",\"inLanguage\":\"es\",\"@id\":\"https:\\\/\\\/donnacolombia.com\\\/index.php\\\/producto\\\/sandalias-de-tacon-medio-beira-rio-doradas-tiras-brillos-strass\\\/#primaryimage\",\"url\":\"https:\\\/\\\/donnacolombia.com\\\/wp-content\\\/uploads\\\/2026\\\/04\\\/Diseno-sin-titulo-124-scaled.jpg\",\"contentUrl\":\"https:\\\/\\\/donnacolombia.com\\\/wp-content\\\/uploads\\\/2026\\\/04\\\/Diseno-sin-titulo-124-scaled.jpg\",\"width\":2560,\"height\":2560},{\"@type\":\"BreadcrumbList\",\"@id\":\"https:\\\/\\\/donnacolombia.com\\\/index.php\\\/producto\\\/sandalias-de-tacon-medio-beira-rio-doradas-tiras-brillos-strass\\\/#breadcrumb\",\"itemListElement\":[{\"@type\":\"ListItem\",\"position\":1,\"name\":\"Portada\",\"item\":\"https:\\\/\\\/donnacolombia.com\\\/\"},{\"@type\":\"ListItem\",\"position\":2,\"name\":\"Tienda\",\"item\":\"https:\\\/\\\/donnacolombia.com\\\/index.php\\\/tienda\\\/\"},{\"@type\":\"ListItem\",\"position\":3,\"name\":\"Sandalias de Tac\u00f3n Medio Beira Rio- Doradas- Tiras Brillos Strass\"}]},{\"@type\":\"WebSite\",\"@id\":\"https:\\\/\\\/donnacolombia.com\\\/#website\",\"url\":\"https:\\\/\\\/donnacolombia.com\\\/\",\"name\":\"Donna Colombia\",\"description\":\"Calzado para dama\",\"publisher\":{\"@id\":\"https:\\\/\\\/donnacolombia.com\\\/#organization\"},\"potentialAction\":[{\"@type\":\"SearchAction\",\"target\":{\"@type\":\"EntryPoint\",\"urlTemplate\":\"https:\\\/\\\/donnacolombia.com\\\/?s={search_term_string}\"},\"query-input\":{\"@type\":\"PropertyValueSpecification\",\"valueRequired\":true,\"valueName\":\"search_term_string\"}}],\"inLanguage\":\"es\"},{\"@type\":\"Organization\",\"@id\":\"https:\\\/\\\/donnacolombia.com\\\/#organization\",\"name\":\"Donna Colombia\",\"url\":\"https:\\\/\\\/donnacolombia.com\\\/\",\"logo\":{\"@type\":\"ImageObject\",\"inLanguage\":\"es\",\"@id\":\"https:\\\/\\\/donnacolombia.com\\\/#\\\/schema\\\/logo\\\/image\\\/\",\"url\":\"https:\\\/\\\/donnacolombia.com\\\/wp-content\\\/uploads\\\/2025\\\/12\\\/cropped-LOGO-512.webp\",\"contentUrl\":\"https:\\\/\\\/donnacolombia.com\\\/wp-content\\\/uploads\\\/2025\\\/12\\\/cropped-LOGO-512.webp\",\"width\":512,\"height\":512,\"caption\":\"Donna Colombia\"},\"image\":{\"@id\":\"https:\\\/\\\/donnacolombia.com\\\/#\\\/schema\\\/logo\\\/image\\\/\"}}]}<\/script>\n<!-- \/ Yoast SEO Premium plugin. -->","yoast_head_json":{"title":"Sandalias de Tac\u00f3n Medio Beira Rio- Doradas- Tiras Brillos Strass - Donna Colombia","description":"Luce radiante con las sandalias Beira Rio doradas con tiras de brillantes. Tac\u00f3n medio estable y dise\u00f1o de lujo para fiestas y eventos.","robots":{"index":"index","follow":"follow","max-snippet":"max-snippet:-1","max-image-preview":"max-image-preview:large","max-video-preview":"max-video-preview:-1"},"canonical":"https:\/\/donnacolombia.com\/index.php\/producto\/sandalias-de-tacon-medio-beira-rio-doradas-tiras-brillos-strass\/","og_locale":"es_ES","og_type":"article","og_title":"Sandalias de Tac\u00f3n Medio Beira Rio- Doradas- Tiras Brillos Strass","og_description":"Luce radiante con las sandalias Beira Rio doradas con tiras de brillantes. Tac\u00f3n medio estable y dise\u00f1o de lujo para fiestas y eventos.","og_url":"https:\/\/donnacolombia.com\/index.php\/producto\/sandalias-de-tacon-medio-beira-rio-doradas-tiras-brillos-strass\/","og_site_name":"Donna Colombia","og_image":[{"width":2560,"height":2560,"url":"https:\/\/donnacolombia.com\/wp-content\/uploads\/2026\/04\/Diseno-sin-titulo-124-scaled.jpg","type":"image\/jpeg"}],"twitter_card":"summary_large_image","twitter_misc":{"Tiempo de lectura":"1 minuto"},"schema":{"@context":"https:\/\/schema.org","@graph":[{"@type":"WebPage","@id":"https:\/\/donnacolombia.com\/index.php\/producto\/sandalias-de-tacon-medio-beira-rio-doradas-tiras-brillos-strass\/","url":"https:\/\/donnacolombia.com\/index.php\/producto\/sandalias-de-tacon-medio-beira-rio-doradas-tiras-brillos-strass\/","name":"Sandalias de Tac\u00f3n Medio Beira Rio- Doradas- Tiras Brillos Strass - Donna Colombia","isPartOf":{"@id":"https:\/\/donnacolombia.com\/#website"},"primaryImageOfPage":{"@id":"https:\/\/donnacolombia.com\/index.php\/producto\/sandalias-de-tacon-medio-beira-rio-doradas-tiras-brillos-strass\/#primaryimage"},"image":{"@id":"https:\/\/donnacolombia.com\/index.php\/producto\/sandalias-de-tacon-medio-beira-rio-doradas-tiras-brillos-strass\/#primaryimage"},"thumbnailUrl":"https:\/\/donnacolombia.com\/wp-content\/uploads\/2026\/04\/Diseno-sin-titulo-124-scaled.jpg","datePublished":"2026-04-27T22:22:58+00:00","description":"Luce radiante con las sandalias Beira Rio doradas con tiras de brillantes. Tac\u00f3n medio estable y dise\u00f1o de lujo para fiestas y eventos.","breadcrumb":{"@id":"https:\/\/donnacolombia.com\/index.php\/producto\/sandalias-de-tacon-medio-beira-rio-doradas-tiras-brillos-strass\/#breadcrumb"},"inLanguage":"es","potentialAction":[{"@type":"ReadAction","target":["https:\/\/donnacolombia.com\/index.php\/producto\/sandalias-de-tacon-medio-beira-rio-doradas-tiras-brillos-strass\/"]}]},{"@type":"ImageObject","inLanguage":"es","@id":"https:\/\/donnacolombia.com\/index.php\/producto\/sandalias-de-tacon-medio-beira-rio-doradas-tiras-brillos-strass\/#primaryimage","url":"https:\/\/donnacolombia.com\/wp-content\/uploads\/2026\/04\/Diseno-sin-titulo-124-scaled.jpg","contentUrl":"https:\/\/donnacolombia.com\/wp-content\/uploads\/2026\/04\/Diseno-sin-titulo-124-scaled.jpg","width":2560,"height":2560},{"@type":"BreadcrumbList","@id":"https:\/\/donnacolombia.com\/index.php\/producto\/sandalias-de-tacon-medio-beira-rio-doradas-tiras-brillos-strass\/#breadcrumb","itemListElement":[{"@type":"ListItem","position":1,"name":"Portada","item":"https:\/\/donnacolombia.com\/"},{"@type":"ListItem","position":2,"name":"Tienda","item":"https:\/\/donnacolombia.com\/index.php\/tienda\/"},{"@type":"ListItem","position":3,"name":"Sandalias de Tac\u00f3n Medio Beira Rio- Doradas- Tiras Brillos Strass"}]},{"@type":"WebSite","@id":"https:\/\/donnacolombia.com\/#website","url":"https:\/\/donnacolombia.com\/","name":"Donna Colombia","description":"Calzado para dama","publisher":{"@id":"https:\/\/donnacolombia.com\/#organization"},"potentialAction":[{"@type":"SearchAction","target":{"@type":"EntryPoint","urlTemplate":"https:\/\/donnacolombia.com\/?s={search_term_string}"},"query-input":{"@type":"PropertyValueSpecification","valueRequired":true,"valueName":"search_term_string"}}],"inLanguage":"es"},{"@type":"Organization","@id":"https:\/\/donnacolombia.com\/#organization","name":"Donna Colombia","url":"https:\/\/donnacolombia.com\/","logo":{"@type":"ImageObject","inLanguage":"es","@id":"https:\/\/donnacolombia.com\/#\/schema\/logo\/image\/","url":"https:\/\/donnacolombia.com\/wp-content\/uploads\/2025\/12\/cropped-LOGO-512.webp","contentUrl":"https:\/\/donnacolombia.com\/wp-content\/uploads\/2025\/12\/cropped-LOGO-512.webp","width":512,"height":512,"caption":"Donna Colombia"},"image":{"@id":"https:\/\/donnacolombia.com\/#\/schema\/logo\/image\/"}}]}},"_links":{"self":[{"href":"https:\/\/donnacolombia.com\/index.php\/wp-json\/wp\/v2\/product\/27454","targetHints":{"allow":["GET"]}}],"collection":[{"href":"https:\/\/donnacolombia.com\/index.php\/wp-json\/wp\/v2\/product"}],"about":[{"href":"https:\/\/donnacolombia.com\/index.php\/wp-json\/wp\/v2\/types\/product"}],"wp:featuredmedia":[{"embeddable":true,"href":"https:\/\/donnacolombia.com\/index.php\/wp-json\/wp\/v2\/media\/27455"}],"wp:attachment":[{"href":"https:\/\/donnacolombia.com\/index.php\/wp-json\/wp\/v2\/media?parent=27454"}],"wp:term":[{"taxonomy":"product_brand","embeddable":true,"href":"https:\/\/donnacolombia.com\/index.php\/wp-json\/wp\/v2\/product_brand?post=27454"},{"taxonomy":"product_cat","embeddable":true,"href":"https:\/\/donnacolombia.com\/index.php\/wp-json\/wp\/v2\/product_cat?post=27454"},{"taxonomy":"product_tag","embeddable":true,"href":"https:\/\/donnacolombia.com\/index.php\/wp-json\/wp\/v2\/product_tag?post=27454"}],"curies":[{"name":"wp","href":"https:\/\/api.w.org\/{rel}","templated":true}]}}