{"id":27312,"date":"2026-04-22T23:52:38","date_gmt":"2026-04-22T21:52:38","guid":{"rendered":"https:\/\/donnacolombia.com\/?post_type=product&#038;p=27312"},"modified":"2026-05-06T01:12:43","modified_gmt":"2026-05-05T23:12:43","slug":"zapato-slingback-bitono-beira-rio-tacon-bloque","status":"publish","type":"product","link":"https:\/\/donnacolombia.com\/index.php\/producto\/zapato-slingback-bitono-beira-rio-tacon-bloque\/","title":{"rendered":"Zapato slingback- bitono Beira Rio- tac\u00f3n bloque"},"content":{"rendered":"<p>Estos <b data-path-to-node=\"7\" data-index-in-node=\"6\">slingback bitono de Beira Rio<\/b> combinan a la perfecci\u00f3n la elegancia del crema con la textura camel en la puntera, creando un estilo cl\u00e1sico y vers\u00e1til. Su tac\u00f3n bloque proporciona la estabilidad ideal para el uso diario, mientras que la correa ajustable garantiza un calce seguro. Es el calzado esencial para proyectar una imagen profesional y refinada con total comodidad.<\/p>\n","protected":false},"excerpt":{"rendered":"<p>Estos slingback bitono de Beira Rio combinan a la perfecci\u00f3n la elegancia del crema con la textura camel en la puntera, creando un estilo cl\u00e1sico y vers\u00e1til. Su tac\u00f3n bloque proporciona la estabilidad ideal para el uso diario, mientras que la correa ajustable garantiza un calce seguro. Es el calzado esencial para proyectar una imagen [&#8230;]\n","protected":false},"featured_media":27313,"template":"","meta":[],"product_brand":[],"product_cat":[408],"product_tag":[],"class_list":{"0":"post-27312","1":"product","2":"type-product","3":"status-publish","4":"has-post-thumbnail","6":"product_cat-tacon","7":"pa_color-blanco-off-camel","8":"pa_talla-del-calzado-578","9":"pa_talla-del-calzado-582","10":"pa_talla-del-calzado-579","11":"pa_talla-del-calzado-583","12":"pa_talla-del-calzado-580","13":"pa_talla-del-calzado-584","14":"pa_talla-del-calzado-581","16":"first","17":"instock","18":"shipping-taxable","19":"purchasable","20":"product-type-variable"},"yoast_head":"<!-- This site is optimized with the Yoast SEO Premium plugin v26.2 (Yoast SEO v27.4) - https:\/\/yoast.com\/product\/yoast-seo-premium-wordpress\/ -->\n<title>Zapato slingback- bitono Beira Rio- tac\u00f3n bloque - Donna Colombia<\/title>\n<meta name=\"description\" content=\"Sofisticaci\u00f3n y confort con los slingback bitono Beira Rio. Dise\u00f1o de punta fina y tac\u00f3n estable para un look impecable. \u00a1Realizamos Env\u00edos a todo el pa\u00eds!\" \/>\n<meta name=\"robots\" content=\"index, follow, max-snippet:-1, max-image-preview:large, max-video-preview:-1\" \/>\n<link rel=\"canonical\" href=\"https:\/\/donnacolombia.com\/index.php\/producto\/zapato-slingback-bitono-beira-rio-tacon-bloque\/\" \/>\n<meta property=\"og:locale\" content=\"es_ES\" \/>\n<meta property=\"og:type\" content=\"article\" \/>\n<meta property=\"og:title\" content=\"Zapato slingback- bitono Beira Rio- tac\u00f3n bloque\" \/>\n<meta property=\"og:description\" content=\"Sofisticaci\u00f3n y confort con los slingback bitono Beira Rio. Dise\u00f1o de punta fina y tac\u00f3n estable para un look impecable. \u00a1Realizamos Env\u00edos a todo el pa\u00eds!\" \/>\n<meta property=\"og:url\" content=\"https:\/\/donnacolombia.com\/index.php\/producto\/zapato-slingback-bitono-beira-rio-tacon-bloque\/\" \/>\n<meta property=\"og:site_name\" content=\"Donna Colombia\" \/>\n<meta property=\"article:modified_time\" content=\"2026-05-05T23:12:43+00:00\" \/>\n<meta property=\"og:image\" content=\"https:\/\/donnacolombia.com\/wp-content\/uploads\/2026\/04\/Diseno-sin-titulo-80-scaled.jpg\" \/>\n\t<meta property=\"og:image:width\" content=\"2560\" \/>\n\t<meta property=\"og:image:height\" content=\"2560\" \/>\n\t<meta property=\"og:image:type\" content=\"image\/jpeg\" \/>\n<meta name=\"twitter:card\" content=\"summary_large_image\" \/>\n<meta name=\"twitter:label1\" content=\"Tiempo de lectura\" \/>\n\t<meta name=\"twitter:data1\" content=\"1 minuto\" \/>\n<script type=\"application\/ld+json\" class=\"yoast-schema-graph\">{\"@context\":\"https:\\\/\\\/schema.org\",\"@graph\":[{\"@type\":\"WebPage\",\"@id\":\"https:\\\/\\\/donnacolombia.com\\\/index.php\\\/producto\\\/zapato-slingback-bitono-beira-rio-tacon-bloque\\\/\",\"url\":\"https:\\\/\\\/donnacolombia.com\\\/index.php\\\/producto\\\/zapato-slingback-bitono-beira-rio-tacon-bloque\\\/\",\"name\":\"Zapato slingback- bitono Beira Rio- tac\u00f3n bloque - Donna Colombia\",\"isPartOf\":{\"@id\":\"https:\\\/\\\/donnacolombia.com\\\/#website\"},\"primaryImageOfPage\":{\"@id\":\"https:\\\/\\\/donnacolombia.com\\\/index.php\\\/producto\\\/zapato-slingback-bitono-beira-rio-tacon-bloque\\\/#primaryimage\"},\"image\":{\"@id\":\"https:\\\/\\\/donnacolombia.com\\\/index.php\\\/producto\\\/zapato-slingback-bitono-beira-rio-tacon-bloque\\\/#primaryimage\"},\"thumbnailUrl\":\"https:\\\/\\\/donnacolombia.com\\\/wp-content\\\/uploads\\\/2026\\\/04\\\/Diseno-sin-titulo-80-scaled.jpg\",\"datePublished\":\"2026-04-22T21:52:38+00:00\",\"dateModified\":\"2026-05-05T23:12:43+00:00\",\"description\":\"Sofisticaci\u00f3n y confort con los slingback bitono Beira Rio. Dise\u00f1o de punta fina y tac\u00f3n estable para un look impecable. \u00a1Realizamos Env\u00edos a todo el pa\u00eds!\",\"breadcrumb\":{\"@id\":\"https:\\\/\\\/donnacolombia.com\\\/index.php\\\/producto\\\/zapato-slingback-bitono-beira-rio-tacon-bloque\\\/#breadcrumb\"},\"inLanguage\":\"es\",\"potentialAction\":[{\"@type\":\"ReadAction\",\"target\":[\"https:\\\/\\\/donnacolombia.com\\\/index.php\\\/producto\\\/zapato-slingback-bitono-beira-rio-tacon-bloque\\\/\"]}]},{\"@type\":\"ImageObject\",\"inLanguage\":\"es\",\"@id\":\"https:\\\/\\\/donnacolombia.com\\\/index.php\\\/producto\\\/zapato-slingback-bitono-beira-rio-tacon-bloque\\\/#primaryimage\",\"url\":\"https:\\\/\\\/donnacolombia.com\\\/wp-content\\\/uploads\\\/2026\\\/04\\\/Diseno-sin-titulo-80-scaled.jpg\",\"contentUrl\":\"https:\\\/\\\/donnacolombia.com\\\/wp-content\\\/uploads\\\/2026\\\/04\\\/Diseno-sin-titulo-80-scaled.jpg\",\"width\":2560,\"height\":2560},{\"@type\":\"BreadcrumbList\",\"@id\":\"https:\\\/\\\/donnacolombia.com\\\/index.php\\\/producto\\\/zapato-slingback-bitono-beira-rio-tacon-bloque\\\/#breadcrumb\",\"itemListElement\":[{\"@type\":\"ListItem\",\"position\":1,\"name\":\"Portada\",\"item\":\"https:\\\/\\\/donnacolombia.com\\\/\"},{\"@type\":\"ListItem\",\"position\":2,\"name\":\"Tienda\",\"item\":\"https:\\\/\\\/donnacolombia.com\\\/index.php\\\/tienda\\\/\"},{\"@type\":\"ListItem\",\"position\":3,\"name\":\"Zapato slingback- bitono Beira Rio- tac\u00f3n bloque\"}]},{\"@type\":\"WebSite\",\"@id\":\"https:\\\/\\\/donnacolombia.com\\\/#website\",\"url\":\"https:\\\/\\\/donnacolombia.com\\\/\",\"name\":\"Donna Colombia\",\"description\":\"Calzado para dama\",\"publisher\":{\"@id\":\"https:\\\/\\\/donnacolombia.com\\\/#organization\"},\"potentialAction\":[{\"@type\":\"SearchAction\",\"target\":{\"@type\":\"EntryPoint\",\"urlTemplate\":\"https:\\\/\\\/donnacolombia.com\\\/?s={search_term_string}\"},\"query-input\":{\"@type\":\"PropertyValueSpecification\",\"valueRequired\":true,\"valueName\":\"search_term_string\"}}],\"inLanguage\":\"es\"},{\"@type\":\"Organization\",\"@id\":\"https:\\\/\\\/donnacolombia.com\\\/#organization\",\"name\":\"Donna Colombia\",\"url\":\"https:\\\/\\\/donnacolombia.com\\\/\",\"logo\":{\"@type\":\"ImageObject\",\"inLanguage\":\"es\",\"@id\":\"https:\\\/\\\/donnacolombia.com\\\/#\\\/schema\\\/logo\\\/image\\\/\",\"url\":\"https:\\\/\\\/donnacolombia.com\\\/wp-content\\\/uploads\\\/2025\\\/12\\\/cropped-LOGO-512.webp\",\"contentUrl\":\"https:\\\/\\\/donnacolombia.com\\\/wp-content\\\/uploads\\\/2025\\\/12\\\/cropped-LOGO-512.webp\",\"width\":512,\"height\":512,\"caption\":\"Donna Colombia\"},\"image\":{\"@id\":\"https:\\\/\\\/donnacolombia.com\\\/#\\\/schema\\\/logo\\\/image\\\/\"}}]}<\/script>\n<!-- \/ Yoast SEO Premium plugin. -->","yoast_head_json":{"title":"Zapato slingback- bitono Beira Rio- tac\u00f3n bloque - Donna Colombia","description":"Sofisticaci\u00f3n y confort con los slingback bitono Beira Rio. Dise\u00f1o de punta fina y tac\u00f3n estable para un look impecable. \u00a1Realizamos Env\u00edos a todo el pa\u00eds!","robots":{"index":"index","follow":"follow","max-snippet":"max-snippet:-1","max-image-preview":"max-image-preview:large","max-video-preview":"max-video-preview:-1"},"canonical":"https:\/\/donnacolombia.com\/index.php\/producto\/zapato-slingback-bitono-beira-rio-tacon-bloque\/","og_locale":"es_ES","og_type":"article","og_title":"Zapato slingback- bitono Beira Rio- tac\u00f3n bloque","og_description":"Sofisticaci\u00f3n y confort con los slingback bitono Beira Rio. Dise\u00f1o de punta fina y tac\u00f3n estable para un look impecable. \u00a1Realizamos Env\u00edos a todo el pa\u00eds!","og_url":"https:\/\/donnacolombia.com\/index.php\/producto\/zapato-slingback-bitono-beira-rio-tacon-bloque\/","og_site_name":"Donna Colombia","article_modified_time":"2026-05-05T23:12:43+00:00","og_image":[{"width":2560,"height":2560,"url":"https:\/\/donnacolombia.com\/wp-content\/uploads\/2026\/04\/Diseno-sin-titulo-80-scaled.jpg","type":"image\/jpeg"}],"twitter_card":"summary_large_image","twitter_misc":{"Tiempo de lectura":"1 minuto"},"schema":{"@context":"https:\/\/schema.org","@graph":[{"@type":"WebPage","@id":"https:\/\/donnacolombia.com\/index.php\/producto\/zapato-slingback-bitono-beira-rio-tacon-bloque\/","url":"https:\/\/donnacolombia.com\/index.php\/producto\/zapato-slingback-bitono-beira-rio-tacon-bloque\/","name":"Zapato slingback- bitono Beira Rio- tac\u00f3n bloque - Donna Colombia","isPartOf":{"@id":"https:\/\/donnacolombia.com\/#website"},"primaryImageOfPage":{"@id":"https:\/\/donnacolombia.com\/index.php\/producto\/zapato-slingback-bitono-beira-rio-tacon-bloque\/#primaryimage"},"image":{"@id":"https:\/\/donnacolombia.com\/index.php\/producto\/zapato-slingback-bitono-beira-rio-tacon-bloque\/#primaryimage"},"thumbnailUrl":"https:\/\/donnacolombia.com\/wp-content\/uploads\/2026\/04\/Diseno-sin-titulo-80-scaled.jpg","datePublished":"2026-04-22T21:52:38+00:00","dateModified":"2026-05-05T23:12:43+00:00","description":"Sofisticaci\u00f3n y confort con los slingback bitono Beira Rio. Dise\u00f1o de punta fina y tac\u00f3n estable para un look impecable. \u00a1Realizamos Env\u00edos a todo el pa\u00eds!","breadcrumb":{"@id":"https:\/\/donnacolombia.com\/index.php\/producto\/zapato-slingback-bitono-beira-rio-tacon-bloque\/#breadcrumb"},"inLanguage":"es","potentialAction":[{"@type":"ReadAction","target":["https:\/\/donnacolombia.com\/index.php\/producto\/zapato-slingback-bitono-beira-rio-tacon-bloque\/"]}]},{"@type":"ImageObject","inLanguage":"es","@id":"https:\/\/donnacolombia.com\/index.php\/producto\/zapato-slingback-bitono-beira-rio-tacon-bloque\/#primaryimage","url":"https:\/\/donnacolombia.com\/wp-content\/uploads\/2026\/04\/Diseno-sin-titulo-80-scaled.jpg","contentUrl":"https:\/\/donnacolombia.com\/wp-content\/uploads\/2026\/04\/Diseno-sin-titulo-80-scaled.jpg","width":2560,"height":2560},{"@type":"BreadcrumbList","@id":"https:\/\/donnacolombia.com\/index.php\/producto\/zapato-slingback-bitono-beira-rio-tacon-bloque\/#breadcrumb","itemListElement":[{"@type":"ListItem","position":1,"name":"Portada","item":"https:\/\/donnacolombia.com\/"},{"@type":"ListItem","position":2,"name":"Tienda","item":"https:\/\/donnacolombia.com\/index.php\/tienda\/"},{"@type":"ListItem","position":3,"name":"Zapato slingback- bitono Beira Rio- tac\u00f3n bloque"}]},{"@type":"WebSite","@id":"https:\/\/donnacolombia.com\/#website","url":"https:\/\/donnacolombia.com\/","name":"Donna Colombia","description":"Calzado para dama","publisher":{"@id":"https:\/\/donnacolombia.com\/#organization"},"potentialAction":[{"@type":"SearchAction","target":{"@type":"EntryPoint","urlTemplate":"https:\/\/donnacolombia.com\/?s={search_term_string}"},"query-input":{"@type":"PropertyValueSpecification","valueRequired":true,"valueName":"search_term_string"}}],"inLanguage":"es"},{"@type":"Organization","@id":"https:\/\/donnacolombia.com\/#organization","name":"Donna Colombia","url":"https:\/\/donnacolombia.com\/","logo":{"@type":"ImageObject","inLanguage":"es","@id":"https:\/\/donnacolombia.com\/#\/schema\/logo\/image\/","url":"https:\/\/donnacolombia.com\/wp-content\/uploads\/2025\/12\/cropped-LOGO-512.webp","contentUrl":"https:\/\/donnacolombia.com\/wp-content\/uploads\/2025\/12\/cropped-LOGO-512.webp","width":512,"height":512,"caption":"Donna Colombia"},"image":{"@id":"https:\/\/donnacolombia.com\/#\/schema\/logo\/image\/"}}]}},"_links":{"self":[{"href":"https:\/\/donnacolombia.com\/index.php\/wp-json\/wp\/v2\/product\/27312","targetHints":{"allow":["GET"]}}],"collection":[{"href":"https:\/\/donnacolombia.com\/index.php\/wp-json\/wp\/v2\/product"}],"about":[{"href":"https:\/\/donnacolombia.com\/index.php\/wp-json\/wp\/v2\/types\/product"}],"wp:featuredmedia":[{"embeddable":true,"href":"https:\/\/donnacolombia.com\/index.php\/wp-json\/wp\/v2\/media\/27313"}],"wp:attachment":[{"href":"https:\/\/donnacolombia.com\/index.php\/wp-json\/wp\/v2\/media?parent=27312"}],"wp:term":[{"taxonomy":"product_brand","embeddable":true,"href":"https:\/\/donnacolombia.com\/index.php\/wp-json\/wp\/v2\/product_brand?post=27312"},{"taxonomy":"product_cat","embeddable":true,"href":"https:\/\/donnacolombia.com\/index.php\/wp-json\/wp\/v2\/product_cat?post=27312"},{"taxonomy":"product_tag","embeddable":true,"href":"https:\/\/donnacolombia.com\/index.php\/wp-json\/wp\/v2\/product_tag?post=27312"}],"curies":[{"name":"wp","href":"https:\/\/api.w.org\/{rel}","templated":true}]}}