{"id":27290,"date":"2026-04-22T22:54:22","date_gmt":"2026-04-22T20:54:22","guid":{"rendered":"https:\/\/donnacolombia.com\/?post_type=product&#038;p=27290"},"modified":"2026-04-28T01:31:30","modified_gmt":"2026-04-27T23:31:30","slug":"baletas-bitono-beira-rio-crema-chocolate-mono-punta-fina","status":"publish","type":"product","link":"https:\/\/donnacolombia.com\/index.php\/producto\/baletas-bitono-beira-rio-crema-chocolate-mono-punta-fina\/","title":{"rendered":"Baletas bitono Beira Rio- crema chocolate- mo\u00f1o punta fina"},"content":{"rendered":"<p>A\u00f1ade un toque de sofisticaci\u00f3n parisina a tu estilo con estas <b data-path-to-node=\"0\" data-index-in-node=\"63\">baletas bitono de Beira Rio<\/b>, cuyo contraste entre crema y caf\u00e9 proyecta una elegancia atemporal. Su delicado mo\u00f1o con herrajes dorados y punta fina estilizan tu figura sin sacrificar la comodidad de su plantilla acolchada. Son el b\u00e1sico vers\u00e1til ideal para transitar de la oficina a una salida casual con total distinci\u00f3n y frescura.<\/p>\n","protected":false},"excerpt":{"rendered":"<p>A\u00f1ade un toque de sofisticaci\u00f3n parisina a tu estilo con estas baletas bitono de Beira Rio, cuyo contraste entre crema y caf\u00e9 proyecta una elegancia atemporal. Su delicado mo\u00f1o con herrajes dorados y punta fina estilizan tu figura sin sacrificar la comodidad de su plantilla acolchada. Son el b\u00e1sico vers\u00e1til ideal para transitar de la [&#8230;]\n","protected":false},"featured_media":27291,"template":"","meta":[],"product_brand":[],"product_cat":[409],"product_tag":[],"class_list":{"0":"post-27290","1":"product","2":"type-product","3":"status-publish","4":"has-post-thumbnail","6":"product_cat-baleta","7":"pa_color-blanco-off-chocolate","8":"pa_talla-del-calzado-578","9":"pa_talla-del-calzado-582","10":"pa_talla-del-calzado-579","11":"pa_talla-del-calzado-583","12":"pa_talla-del-calzado-580","14":"first","15":"instock","16":"shipping-taxable","17":"purchasable","18":"product-type-variable"},"yoast_head":"<!-- This site is optimized with the Yoast SEO Premium plugin v26.2 (Yoast SEO v27.4) - https:\/\/yoast.com\/product\/yoast-seo-premium-wordpress\/ -->\n<title>Baletas bitono Beira Rio- crema chocolate- mo\u00f1o punta fina - Donna Colombia<\/title>\n<meta name=\"description\" content=\"Dale un toque de elegancia cl\u00e1sica a tu outfit con las baletas bitono Beira Rio. Comodidad y estilo atemporal en un solo calzado. Env\u00edos a todo el pa\u00eds\" \/>\n<meta name=\"robots\" content=\"index, follow, max-snippet:-1, max-image-preview:large, max-video-preview:-1\" \/>\n<link rel=\"canonical\" href=\"https:\/\/donnacolombia.com\/index.php\/producto\/baletas-bitono-beira-rio-crema-chocolate-mono-punta-fina\/\" \/>\n<meta property=\"og:locale\" content=\"es_ES\" \/>\n<meta property=\"og:type\" content=\"article\" \/>\n<meta property=\"og:title\" content=\"Baletas bitono Beira Rio- crema chocolate- mo\u00f1o punta fina\" \/>\n<meta property=\"og:description\" content=\"Dale un toque de elegancia cl\u00e1sica a tu outfit con las baletas bitono Beira Rio. Comodidad y estilo atemporal en un solo calzado. Env\u00edos a todo el pa\u00eds\" \/>\n<meta property=\"og:url\" content=\"https:\/\/donnacolombia.com\/index.php\/producto\/baletas-bitono-beira-rio-crema-chocolate-mono-punta-fina\/\" \/>\n<meta property=\"og:site_name\" content=\"Donna Colombia\" \/>\n<meta property=\"article:modified_time\" content=\"2026-04-27T23:31:30+00:00\" \/>\n<meta property=\"og:image\" content=\"https:\/\/donnacolombia.com\/wp-content\/uploads\/2026\/04\/Diseno-sin-titulo-9-1-scaled.jpg\" \/>\n\t<meta property=\"og:image:width\" content=\"2560\" \/>\n\t<meta property=\"og:image:height\" content=\"2560\" \/>\n\t<meta property=\"og:image:type\" content=\"image\/jpeg\" \/>\n<meta name=\"twitter:card\" content=\"summary_large_image\" \/>\n<meta name=\"twitter:label1\" content=\"Tiempo de lectura\" \/>\n\t<meta name=\"twitter:data1\" content=\"1 minuto\" \/>\n<script type=\"application\/ld+json\" class=\"yoast-schema-graph\">{\"@context\":\"https:\\\/\\\/schema.org\",\"@graph\":[{\"@type\":\"WebPage\",\"@id\":\"https:\\\/\\\/donnacolombia.com\\\/index.php\\\/producto\\\/baletas-bitono-beira-rio-crema-chocolate-mono-punta-fina\\\/\",\"url\":\"https:\\\/\\\/donnacolombia.com\\\/index.php\\\/producto\\\/baletas-bitono-beira-rio-crema-chocolate-mono-punta-fina\\\/\",\"name\":\"Baletas bitono Beira Rio- crema chocolate- mo\u00f1o punta fina - Donna Colombia\",\"isPartOf\":{\"@id\":\"https:\\\/\\\/donnacolombia.com\\\/#website\"},\"primaryImageOfPage\":{\"@id\":\"https:\\\/\\\/donnacolombia.com\\\/index.php\\\/producto\\\/baletas-bitono-beira-rio-crema-chocolate-mono-punta-fina\\\/#primaryimage\"},\"image\":{\"@id\":\"https:\\\/\\\/donnacolombia.com\\\/index.php\\\/producto\\\/baletas-bitono-beira-rio-crema-chocolate-mono-punta-fina\\\/#primaryimage\"},\"thumbnailUrl\":\"https:\\\/\\\/donnacolombia.com\\\/wp-content\\\/uploads\\\/2026\\\/04\\\/Diseno-sin-titulo-9-1-scaled.jpg\",\"datePublished\":\"2026-04-22T20:54:22+00:00\",\"dateModified\":\"2026-04-27T23:31:30+00:00\",\"description\":\"Dale un toque de elegancia cl\u00e1sica a tu outfit con las baletas bitono Beira Rio. Comodidad y estilo atemporal en un solo calzado. Env\u00edos a todo el pa\u00eds\",\"breadcrumb\":{\"@id\":\"https:\\\/\\\/donnacolombia.com\\\/index.php\\\/producto\\\/baletas-bitono-beira-rio-crema-chocolate-mono-punta-fina\\\/#breadcrumb\"},\"inLanguage\":\"es\",\"potentialAction\":[{\"@type\":\"ReadAction\",\"target\":[\"https:\\\/\\\/donnacolombia.com\\\/index.php\\\/producto\\\/baletas-bitono-beira-rio-crema-chocolate-mono-punta-fina\\\/\"]}]},{\"@type\":\"ImageObject\",\"inLanguage\":\"es\",\"@id\":\"https:\\\/\\\/donnacolombia.com\\\/index.php\\\/producto\\\/baletas-bitono-beira-rio-crema-chocolate-mono-punta-fina\\\/#primaryimage\",\"url\":\"https:\\\/\\\/donnacolombia.com\\\/wp-content\\\/uploads\\\/2026\\\/04\\\/Diseno-sin-titulo-9-1-scaled.jpg\",\"contentUrl\":\"https:\\\/\\\/donnacolombia.com\\\/wp-content\\\/uploads\\\/2026\\\/04\\\/Diseno-sin-titulo-9-1-scaled.jpg\",\"width\":2560,\"height\":2560},{\"@type\":\"BreadcrumbList\",\"@id\":\"https:\\\/\\\/donnacolombia.com\\\/index.php\\\/producto\\\/baletas-bitono-beira-rio-crema-chocolate-mono-punta-fina\\\/#breadcrumb\",\"itemListElement\":[{\"@type\":\"ListItem\",\"position\":1,\"name\":\"Portada\",\"item\":\"https:\\\/\\\/donnacolombia.com\\\/\"},{\"@type\":\"ListItem\",\"position\":2,\"name\":\"Tienda\",\"item\":\"https:\\\/\\\/donnacolombia.com\\\/index.php\\\/tienda\\\/\"},{\"@type\":\"ListItem\",\"position\":3,\"name\":\"Baletas bitono Beira Rio- crema chocolate- mo\u00f1o punta fina\"}]},{\"@type\":\"WebSite\",\"@id\":\"https:\\\/\\\/donnacolombia.com\\\/#website\",\"url\":\"https:\\\/\\\/donnacolombia.com\\\/\",\"name\":\"Donna Colombia\",\"description\":\"Calzado para dama\",\"publisher\":{\"@id\":\"https:\\\/\\\/donnacolombia.com\\\/#organization\"},\"potentialAction\":[{\"@type\":\"SearchAction\",\"target\":{\"@type\":\"EntryPoint\",\"urlTemplate\":\"https:\\\/\\\/donnacolombia.com\\\/?s={search_term_string}\"},\"query-input\":{\"@type\":\"PropertyValueSpecification\",\"valueRequired\":true,\"valueName\":\"search_term_string\"}}],\"inLanguage\":\"es\"},{\"@type\":\"Organization\",\"@id\":\"https:\\\/\\\/donnacolombia.com\\\/#organization\",\"name\":\"Donna Colombia\",\"url\":\"https:\\\/\\\/donnacolombia.com\\\/\",\"logo\":{\"@type\":\"ImageObject\",\"inLanguage\":\"es\",\"@id\":\"https:\\\/\\\/donnacolombia.com\\\/#\\\/schema\\\/logo\\\/image\\\/\",\"url\":\"https:\\\/\\\/donnacolombia.com\\\/wp-content\\\/uploads\\\/2025\\\/12\\\/cropped-LOGO-512.webp\",\"contentUrl\":\"https:\\\/\\\/donnacolombia.com\\\/wp-content\\\/uploads\\\/2025\\\/12\\\/cropped-LOGO-512.webp\",\"width\":512,\"height\":512,\"caption\":\"Donna Colombia\"},\"image\":{\"@id\":\"https:\\\/\\\/donnacolombia.com\\\/#\\\/schema\\\/logo\\\/image\\\/\"}}]}<\/script>\n<!-- \/ Yoast SEO Premium plugin. -->","yoast_head_json":{"title":"Baletas bitono Beira Rio- crema chocolate- mo\u00f1o punta fina - Donna Colombia","description":"Dale un toque de elegancia cl\u00e1sica a tu outfit con las baletas bitono Beira Rio. Comodidad y estilo atemporal en un solo calzado. Env\u00edos a todo el pa\u00eds","robots":{"index":"index","follow":"follow","max-snippet":"max-snippet:-1","max-image-preview":"max-image-preview:large","max-video-preview":"max-video-preview:-1"},"canonical":"https:\/\/donnacolombia.com\/index.php\/producto\/baletas-bitono-beira-rio-crema-chocolate-mono-punta-fina\/","og_locale":"es_ES","og_type":"article","og_title":"Baletas bitono Beira Rio- crema chocolate- mo\u00f1o punta fina","og_description":"Dale un toque de elegancia cl\u00e1sica a tu outfit con las baletas bitono Beira Rio. Comodidad y estilo atemporal en un solo calzado. Env\u00edos a todo el pa\u00eds","og_url":"https:\/\/donnacolombia.com\/index.php\/producto\/baletas-bitono-beira-rio-crema-chocolate-mono-punta-fina\/","og_site_name":"Donna Colombia","article_modified_time":"2026-04-27T23:31:30+00:00","og_image":[{"width":2560,"height":2560,"url":"https:\/\/donnacolombia.com\/wp-content\/uploads\/2026\/04\/Diseno-sin-titulo-9-1-scaled.jpg","type":"image\/jpeg"}],"twitter_card":"summary_large_image","twitter_misc":{"Tiempo de lectura":"1 minuto"},"schema":{"@context":"https:\/\/schema.org","@graph":[{"@type":"WebPage","@id":"https:\/\/donnacolombia.com\/index.php\/producto\/baletas-bitono-beira-rio-crema-chocolate-mono-punta-fina\/","url":"https:\/\/donnacolombia.com\/index.php\/producto\/baletas-bitono-beira-rio-crema-chocolate-mono-punta-fina\/","name":"Baletas bitono Beira Rio- crema chocolate- mo\u00f1o punta fina - Donna Colombia","isPartOf":{"@id":"https:\/\/donnacolombia.com\/#website"},"primaryImageOfPage":{"@id":"https:\/\/donnacolombia.com\/index.php\/producto\/baletas-bitono-beira-rio-crema-chocolate-mono-punta-fina\/#primaryimage"},"image":{"@id":"https:\/\/donnacolombia.com\/index.php\/producto\/baletas-bitono-beira-rio-crema-chocolate-mono-punta-fina\/#primaryimage"},"thumbnailUrl":"https:\/\/donnacolombia.com\/wp-content\/uploads\/2026\/04\/Diseno-sin-titulo-9-1-scaled.jpg","datePublished":"2026-04-22T20:54:22+00:00","dateModified":"2026-04-27T23:31:30+00:00","description":"Dale un toque de elegancia cl\u00e1sica a tu outfit con las baletas bitono Beira Rio. Comodidad y estilo atemporal en un solo calzado. Env\u00edos a todo el pa\u00eds","breadcrumb":{"@id":"https:\/\/donnacolombia.com\/index.php\/producto\/baletas-bitono-beira-rio-crema-chocolate-mono-punta-fina\/#breadcrumb"},"inLanguage":"es","potentialAction":[{"@type":"ReadAction","target":["https:\/\/donnacolombia.com\/index.php\/producto\/baletas-bitono-beira-rio-crema-chocolate-mono-punta-fina\/"]}]},{"@type":"ImageObject","inLanguage":"es","@id":"https:\/\/donnacolombia.com\/index.php\/producto\/baletas-bitono-beira-rio-crema-chocolate-mono-punta-fina\/#primaryimage","url":"https:\/\/donnacolombia.com\/wp-content\/uploads\/2026\/04\/Diseno-sin-titulo-9-1-scaled.jpg","contentUrl":"https:\/\/donnacolombia.com\/wp-content\/uploads\/2026\/04\/Diseno-sin-titulo-9-1-scaled.jpg","width":2560,"height":2560},{"@type":"BreadcrumbList","@id":"https:\/\/donnacolombia.com\/index.php\/producto\/baletas-bitono-beira-rio-crema-chocolate-mono-punta-fina\/#breadcrumb","itemListElement":[{"@type":"ListItem","position":1,"name":"Portada","item":"https:\/\/donnacolombia.com\/"},{"@type":"ListItem","position":2,"name":"Tienda","item":"https:\/\/donnacolombia.com\/index.php\/tienda\/"},{"@type":"ListItem","position":3,"name":"Baletas bitono Beira Rio- crema chocolate- mo\u00f1o punta fina"}]},{"@type":"WebSite","@id":"https:\/\/donnacolombia.com\/#website","url":"https:\/\/donnacolombia.com\/","name":"Donna Colombia","description":"Calzado para dama","publisher":{"@id":"https:\/\/donnacolombia.com\/#organization"},"potentialAction":[{"@type":"SearchAction","target":{"@type":"EntryPoint","urlTemplate":"https:\/\/donnacolombia.com\/?s={search_term_string}"},"query-input":{"@type":"PropertyValueSpecification","valueRequired":true,"valueName":"search_term_string"}}],"inLanguage":"es"},{"@type":"Organization","@id":"https:\/\/donnacolombia.com\/#organization","name":"Donna Colombia","url":"https:\/\/donnacolombia.com\/","logo":{"@type":"ImageObject","inLanguage":"es","@id":"https:\/\/donnacolombia.com\/#\/schema\/logo\/image\/","url":"https:\/\/donnacolombia.com\/wp-content\/uploads\/2025\/12\/cropped-LOGO-512.webp","contentUrl":"https:\/\/donnacolombia.com\/wp-content\/uploads\/2025\/12\/cropped-LOGO-512.webp","width":512,"height":512,"caption":"Donna Colombia"},"image":{"@id":"https:\/\/donnacolombia.com\/#\/schema\/logo\/image\/"}}]}},"_links":{"self":[{"href":"https:\/\/donnacolombia.com\/index.php\/wp-json\/wp\/v2\/product\/27290","targetHints":{"allow":["GET"]}}],"collection":[{"href":"https:\/\/donnacolombia.com\/index.php\/wp-json\/wp\/v2\/product"}],"about":[{"href":"https:\/\/donnacolombia.com\/index.php\/wp-json\/wp\/v2\/types\/product"}],"wp:featuredmedia":[{"embeddable":true,"href":"https:\/\/donnacolombia.com\/index.php\/wp-json\/wp\/v2\/media\/27291"}],"wp:attachment":[{"href":"https:\/\/donnacolombia.com\/index.php\/wp-json\/wp\/v2\/media?parent=27290"}],"wp:term":[{"taxonomy":"product_brand","embeddable":true,"href":"https:\/\/donnacolombia.com\/index.php\/wp-json\/wp\/v2\/product_brand?post=27290"},{"taxonomy":"product_cat","embeddable":true,"href":"https:\/\/donnacolombia.com\/index.php\/wp-json\/wp\/v2\/product_cat?post=27290"},{"taxonomy":"product_tag","embeddable":true,"href":"https:\/\/donnacolombia.com\/index.php\/wp-json\/wp\/v2\/product_tag?post=27290"}],"curies":[{"name":"wp","href":"https:\/\/api.w.org\/{rel}","templated":true}]}}