{"id":26730,"date":"2026-03-13T22:27:01","date_gmt":"2026-03-13T21:27:01","guid":{"rendered":"https:\/\/donnacolombia.com\/?post_type=product&#038;p=26730"},"modified":"2026-04-05T02:46:34","modified_gmt":"2026-04-05T00:46:34","slug":"sandalia-plana-mujer-vizzano-5","status":"publish","type":"product","link":"https:\/\/donnacolombia.com\/index.php\/producto\/sandalia-plana-mujer-vizzano-5\/","title":{"rendered":"Sandalia plana mujer &#8211; Vizzano"},"content":{"rendered":"<p>Esta sandalia <b data-path-to-node=\"0\" data-index-in-node=\"14\">Vizzano<\/b> en un profundo tono chocolate redefine el concepto de elegancia relajada con su espectacular <b data-path-to-node=\"0\" data-index-in-node=\"115\">adorno dorado texturizado<\/b>. El dise\u00f1o de tira ancha y punta cuadrada ofrece un soporte c\u00f3modo y un perfil sumamente chic para cualquier ocasi\u00f3n. Es la pieza clave para elevar un conjunto b\u00e1sico, combinando <b data-path-to-node=\"0\" data-index-in-node=\"320\">estilo artesanal<\/b> con la versatilidad de un calzado plano de alta gama.<\/p>\n","protected":false},"excerpt":{"rendered":"<p>Esta sandalia Vizzano en un profundo tono chocolate redefine el concepto de elegancia relajada con su espectacular adorno dorado texturizado. El dise\u00f1o de tira ancha y punta cuadrada ofrece un soporte c\u00f3modo y un perfil sumamente chic para cualquier ocasi\u00f3n. Es la pieza clave para elevar un conjunto b\u00e1sico, combinando estilo artesanal con la versatilidad [&#8230;]\n","protected":false},"featured_media":26731,"template":"","meta":[],"product_brand":[],"product_cat":[405],"product_tag":[],"class_list":{"0":"post-26730","1":"product","2":"type-product","3":"status-publish","4":"has-post-thumbnail","6":"product_cat-sandalia","7":"pa_color-cacao","8":"pa_talla-del-calzado-582","9":"pa_talla-del-calzado-579","10":"pa_talla-del-calzado-583","11":"pa_talla-del-calzado-580","12":"pa_talla-del-calzado-584","13":"pa_talla-del-calzado-581","15":"first","16":"instock","17":"shipping-taxable","18":"purchasable","19":"product-type-variable"},"yoast_head":"<!-- This site is optimized with the Yoast SEO Premium plugin v26.2 (Yoast SEO v27.4) - https:\/\/yoast.com\/product\/yoast-seo-premium-wordpress\/ -->\n<title>Sandalia plana mujer - Vizzano - Donna Colombia<\/title>\n<meta name=\"robots\" content=\"index, follow, max-snippet:-1, max-image-preview:large, max-video-preview:-1\" \/>\n<link rel=\"canonical\" href=\"https:\/\/donnacolombia.com\/index.php\/producto\/sandalia-plana-mujer-vizzano-5\/\" \/>\n<meta property=\"og:locale\" content=\"es_ES\" \/>\n<meta property=\"og:type\" content=\"article\" \/>\n<meta property=\"og:title\" content=\"Sandalia plana mujer - Vizzano\" \/>\n<meta property=\"og:description\" content=\"Esta sandalia Vizzano en un profundo tono chocolate redefine el concepto de elegancia relajada con su espectacular adorno dorado texturizado. El dise\u00f1o de tira ancha y punta cuadrada ofrece un soporte c\u00f3modo y un perfil sumamente chic para cualquier ocasi\u00f3n. Es la pieza clave para elevar un conjunto b\u00e1sico, combinando estilo artesanal con la versatilidad [...]\" \/>\n<meta property=\"og:url\" content=\"https:\/\/donnacolombia.com\/index.php\/producto\/sandalia-plana-mujer-vizzano-5\/\" \/>\n<meta property=\"og:site_name\" content=\"Donna Colombia\" \/>\n<meta property=\"article:modified_time\" content=\"2026-04-05T00:46:34+00:00\" \/>\n<meta property=\"og:image\" content=\"https:\/\/donnacolombia.com\/wp-content\/uploads\/2026\/03\/Diseno-sin-titulo-13-2.jpg\" \/>\n\t<meta property=\"og:image:width\" content=\"2000\" \/>\n\t<meta property=\"og:image:height\" content=\"2000\" \/>\n\t<meta property=\"og:image:type\" content=\"image\/jpeg\" \/>\n<meta name=\"twitter:card\" content=\"summary_large_image\" \/>\n<meta name=\"twitter:label1\" content=\"Tiempo de lectura\" \/>\n\t<meta name=\"twitter:data1\" content=\"1 minuto\" \/>\n<script type=\"application\/ld+json\" class=\"yoast-schema-graph\">{\"@context\":\"https:\\\/\\\/schema.org\",\"@graph\":[{\"@type\":\"WebPage\",\"@id\":\"https:\\\/\\\/donnacolombia.com\\\/index.php\\\/producto\\\/sandalia-plana-mujer-vizzano-5\\\/\",\"url\":\"https:\\\/\\\/donnacolombia.com\\\/index.php\\\/producto\\\/sandalia-plana-mujer-vizzano-5\\\/\",\"name\":\"Sandalia plana mujer - Vizzano - Donna Colombia\",\"isPartOf\":{\"@id\":\"https:\\\/\\\/donnacolombia.com\\\/#website\"},\"primaryImageOfPage\":{\"@id\":\"https:\\\/\\\/donnacolombia.com\\\/index.php\\\/producto\\\/sandalia-plana-mujer-vizzano-5\\\/#primaryimage\"},\"image\":{\"@id\":\"https:\\\/\\\/donnacolombia.com\\\/index.php\\\/producto\\\/sandalia-plana-mujer-vizzano-5\\\/#primaryimage\"},\"thumbnailUrl\":\"https:\\\/\\\/donnacolombia.com\\\/wp-content\\\/uploads\\\/2026\\\/03\\\/Diseno-sin-titulo-13-2.jpg\",\"datePublished\":\"2026-03-13T21:27:01+00:00\",\"dateModified\":\"2026-04-05T00:46:34+00:00\",\"breadcrumb\":{\"@id\":\"https:\\\/\\\/donnacolombia.com\\\/index.php\\\/producto\\\/sandalia-plana-mujer-vizzano-5\\\/#breadcrumb\"},\"inLanguage\":\"es\",\"potentialAction\":[{\"@type\":\"ReadAction\",\"target\":[\"https:\\\/\\\/donnacolombia.com\\\/index.php\\\/producto\\\/sandalia-plana-mujer-vizzano-5\\\/\"]}]},{\"@type\":\"ImageObject\",\"inLanguage\":\"es\",\"@id\":\"https:\\\/\\\/donnacolombia.com\\\/index.php\\\/producto\\\/sandalia-plana-mujer-vizzano-5\\\/#primaryimage\",\"url\":\"https:\\\/\\\/donnacolombia.com\\\/wp-content\\\/uploads\\\/2026\\\/03\\\/Diseno-sin-titulo-13-2.jpg\",\"contentUrl\":\"https:\\\/\\\/donnacolombia.com\\\/wp-content\\\/uploads\\\/2026\\\/03\\\/Diseno-sin-titulo-13-2.jpg\",\"width\":2000,\"height\":2000},{\"@type\":\"BreadcrumbList\",\"@id\":\"https:\\\/\\\/donnacolombia.com\\\/index.php\\\/producto\\\/sandalia-plana-mujer-vizzano-5\\\/#breadcrumb\",\"itemListElement\":[{\"@type\":\"ListItem\",\"position\":1,\"name\":\"Portada\",\"item\":\"https:\\\/\\\/donnacolombia.com\\\/\"},{\"@type\":\"ListItem\",\"position\":2,\"name\":\"Tienda\",\"item\":\"https:\\\/\\\/donnacolombia.com\\\/index.php\\\/tienda\\\/\"},{\"@type\":\"ListItem\",\"position\":3,\"name\":\"Sandalia plana mujer &#8211; Vizzano\"}]},{\"@type\":\"WebSite\",\"@id\":\"https:\\\/\\\/donnacolombia.com\\\/#website\",\"url\":\"https:\\\/\\\/donnacolombia.com\\\/\",\"name\":\"Donna Colombia\",\"description\":\"Calzado para dama\",\"publisher\":{\"@id\":\"https:\\\/\\\/donnacolombia.com\\\/#organization\"},\"potentialAction\":[{\"@type\":\"SearchAction\",\"target\":{\"@type\":\"EntryPoint\",\"urlTemplate\":\"https:\\\/\\\/donnacolombia.com\\\/?s={search_term_string}\"},\"query-input\":{\"@type\":\"PropertyValueSpecification\",\"valueRequired\":true,\"valueName\":\"search_term_string\"}}],\"inLanguage\":\"es\"},{\"@type\":\"Organization\",\"@id\":\"https:\\\/\\\/donnacolombia.com\\\/#organization\",\"name\":\"Donna Colombia\",\"url\":\"https:\\\/\\\/donnacolombia.com\\\/\",\"logo\":{\"@type\":\"ImageObject\",\"inLanguage\":\"es\",\"@id\":\"https:\\\/\\\/donnacolombia.com\\\/#\\\/schema\\\/logo\\\/image\\\/\",\"url\":\"https:\\\/\\\/donnacolombia.com\\\/wp-content\\\/uploads\\\/2025\\\/12\\\/cropped-LOGO-512.webp\",\"contentUrl\":\"https:\\\/\\\/donnacolombia.com\\\/wp-content\\\/uploads\\\/2025\\\/12\\\/cropped-LOGO-512.webp\",\"width\":512,\"height\":512,\"caption\":\"Donna Colombia\"},\"image\":{\"@id\":\"https:\\\/\\\/donnacolombia.com\\\/#\\\/schema\\\/logo\\\/image\\\/\"}}]}<\/script>\n<!-- \/ Yoast SEO Premium plugin. -->","yoast_head_json":{"title":"Sandalia plana mujer - Vizzano - Donna Colombia","robots":{"index":"index","follow":"follow","max-snippet":"max-snippet:-1","max-image-preview":"max-image-preview:large","max-video-preview":"max-video-preview:-1"},"canonical":"https:\/\/donnacolombia.com\/index.php\/producto\/sandalia-plana-mujer-vizzano-5\/","og_locale":"es_ES","og_type":"article","og_title":"Sandalia plana mujer - Vizzano","og_description":"Esta sandalia Vizzano en un profundo tono chocolate redefine el concepto de elegancia relajada con su espectacular adorno dorado texturizado. El dise\u00f1o de tira ancha y punta cuadrada ofrece un soporte c\u00f3modo y un perfil sumamente chic para cualquier ocasi\u00f3n. Es la pieza clave para elevar un conjunto b\u00e1sico, combinando estilo artesanal con la versatilidad [...]","og_url":"https:\/\/donnacolombia.com\/index.php\/producto\/sandalia-plana-mujer-vizzano-5\/","og_site_name":"Donna Colombia","article_modified_time":"2026-04-05T00:46:34+00:00","og_image":[{"width":2000,"height":2000,"url":"https:\/\/donnacolombia.com\/wp-content\/uploads\/2026\/03\/Diseno-sin-titulo-13-2.jpg","type":"image\/jpeg"}],"twitter_card":"summary_large_image","twitter_misc":{"Tiempo de lectura":"1 minuto"},"schema":{"@context":"https:\/\/schema.org","@graph":[{"@type":"WebPage","@id":"https:\/\/donnacolombia.com\/index.php\/producto\/sandalia-plana-mujer-vizzano-5\/","url":"https:\/\/donnacolombia.com\/index.php\/producto\/sandalia-plana-mujer-vizzano-5\/","name":"Sandalia plana mujer - Vizzano - Donna Colombia","isPartOf":{"@id":"https:\/\/donnacolombia.com\/#website"},"primaryImageOfPage":{"@id":"https:\/\/donnacolombia.com\/index.php\/producto\/sandalia-plana-mujer-vizzano-5\/#primaryimage"},"image":{"@id":"https:\/\/donnacolombia.com\/index.php\/producto\/sandalia-plana-mujer-vizzano-5\/#primaryimage"},"thumbnailUrl":"https:\/\/donnacolombia.com\/wp-content\/uploads\/2026\/03\/Diseno-sin-titulo-13-2.jpg","datePublished":"2026-03-13T21:27:01+00:00","dateModified":"2026-04-05T00:46:34+00:00","breadcrumb":{"@id":"https:\/\/donnacolombia.com\/index.php\/producto\/sandalia-plana-mujer-vizzano-5\/#breadcrumb"},"inLanguage":"es","potentialAction":[{"@type":"ReadAction","target":["https:\/\/donnacolombia.com\/index.php\/producto\/sandalia-plana-mujer-vizzano-5\/"]}]},{"@type":"ImageObject","inLanguage":"es","@id":"https:\/\/donnacolombia.com\/index.php\/producto\/sandalia-plana-mujer-vizzano-5\/#primaryimage","url":"https:\/\/donnacolombia.com\/wp-content\/uploads\/2026\/03\/Diseno-sin-titulo-13-2.jpg","contentUrl":"https:\/\/donnacolombia.com\/wp-content\/uploads\/2026\/03\/Diseno-sin-titulo-13-2.jpg","width":2000,"height":2000},{"@type":"BreadcrumbList","@id":"https:\/\/donnacolombia.com\/index.php\/producto\/sandalia-plana-mujer-vizzano-5\/#breadcrumb","itemListElement":[{"@type":"ListItem","position":1,"name":"Portada","item":"https:\/\/donnacolombia.com\/"},{"@type":"ListItem","position":2,"name":"Tienda","item":"https:\/\/donnacolombia.com\/index.php\/tienda\/"},{"@type":"ListItem","position":3,"name":"Sandalia plana mujer &#8211; Vizzano"}]},{"@type":"WebSite","@id":"https:\/\/donnacolombia.com\/#website","url":"https:\/\/donnacolombia.com\/","name":"Donna Colombia","description":"Calzado para dama","publisher":{"@id":"https:\/\/donnacolombia.com\/#organization"},"potentialAction":[{"@type":"SearchAction","target":{"@type":"EntryPoint","urlTemplate":"https:\/\/donnacolombia.com\/?s={search_term_string}"},"query-input":{"@type":"PropertyValueSpecification","valueRequired":true,"valueName":"search_term_string"}}],"inLanguage":"es"},{"@type":"Organization","@id":"https:\/\/donnacolombia.com\/#organization","name":"Donna Colombia","url":"https:\/\/donnacolombia.com\/","logo":{"@type":"ImageObject","inLanguage":"es","@id":"https:\/\/donnacolombia.com\/#\/schema\/logo\/image\/","url":"https:\/\/donnacolombia.com\/wp-content\/uploads\/2025\/12\/cropped-LOGO-512.webp","contentUrl":"https:\/\/donnacolombia.com\/wp-content\/uploads\/2025\/12\/cropped-LOGO-512.webp","width":512,"height":512,"caption":"Donna Colombia"},"image":{"@id":"https:\/\/donnacolombia.com\/#\/schema\/logo\/image\/"}}]}},"_links":{"self":[{"href":"https:\/\/donnacolombia.com\/index.php\/wp-json\/wp\/v2\/product\/26730","targetHints":{"allow":["GET"]}}],"collection":[{"href":"https:\/\/donnacolombia.com\/index.php\/wp-json\/wp\/v2\/product"}],"about":[{"href":"https:\/\/donnacolombia.com\/index.php\/wp-json\/wp\/v2\/types\/product"}],"wp:featuredmedia":[{"embeddable":true,"href":"https:\/\/donnacolombia.com\/index.php\/wp-json\/wp\/v2\/media\/26731"}],"wp:attachment":[{"href":"https:\/\/donnacolombia.com\/index.php\/wp-json\/wp\/v2\/media?parent=26730"}],"wp:term":[{"taxonomy":"product_brand","embeddable":true,"href":"https:\/\/donnacolombia.com\/index.php\/wp-json\/wp\/v2\/product_brand?post=26730"},{"taxonomy":"product_cat","embeddable":true,"href":"https:\/\/donnacolombia.com\/index.php\/wp-json\/wp\/v2\/product_cat?post=26730"},{"taxonomy":"product_tag","embeddable":true,"href":"https:\/\/donnacolombia.com\/index.php\/wp-json\/wp\/v2\/product_tag?post=26730"}],"curies":[{"name":"wp","href":"https:\/\/api.w.org\/{rel}","templated":true}]}}