{"id":26701,"date":"2026-03-11T22:00:57","date_gmt":"2026-03-11T21:00:57","guid":{"rendered":"https:\/\/donnacolombia.com\/?post_type=product&#038;p=26701"},"modified":"2026-05-09T02:40:07","modified_gmt":"2026-05-09T00:40:07","slug":"sandalia-plana-mujer-vizzano-4","status":"publish","type":"product","link":"https:\/\/donnacolombia.com\/index.php\/producto\/sandalia-plana-mujer-vizzano-4\/","title":{"rendered":"Sandalia plana mujer &#8211; Vizzano"},"content":{"rendered":"<p>Esta sandalia <b data-path-to-node=\"0\" data-index-in-node=\"14\">Vizzano<\/b> en color blanco es la definici\u00f3n de elegancia veraniega, destacando por su imponente <b data-path-to-node=\"0\" data-index-in-node=\"107\">hebilla dorada<\/b> que aporta un brillo de distinci\u00f3n. Su dise\u00f1o de punta cuadrada con delicados toques metalizados fusiona la frescura con la alta moda urbana. Gracias a su <b data-path-to-node=\"0\" data-index-in-node=\"277\">plantilla acolchada<\/b>, es la opci\u00f3n perfecta para quienes buscan confort premium sin renunciar a un estilo impecable y luminoso.<\/p>\n","protected":false},"excerpt":{"rendered":"<p>Esta sandalia Vizzano en color blanco es la definici\u00f3n de elegancia veraniega, destacando por su imponente hebilla dorada que aporta un brillo de distinci\u00f3n. Su dise\u00f1o de punta cuadrada con delicados toques metalizados fusiona la frescura con la alta moda urbana. Gracias a su plantilla acolchada, es la opci\u00f3n perfecta para quienes buscan confort premium [&#8230;]\n","protected":false},"featured_media":26691,"template":"","meta":[],"product_brand":[],"product_cat":[405],"product_tag":[],"class_list":{"0":"post-26701","1":"product","2":"type-product","3":"status-publish","4":"has-post-thumbnail","6":"product_cat-sandalia","7":"pa_color-dorado-claro","8":"pa_talla-del-calzado-582","9":"pa_talla-del-calzado-579","10":"pa_talla-del-calzado-583","11":"pa_talla-del-calzado-580","12":"pa_talla-del-calzado-584","13":"pa_talla-del-calzado-581","15":"first","16":"instock","17":"shipping-taxable","18":"purchasable","19":"product-type-variable"},"yoast_head":"<!-- This site is optimized with the Yoast SEO Premium plugin v26.2 (Yoast SEO v27.4) - https:\/\/yoast.com\/product\/yoast-seo-premium-wordpress\/ -->\n<title>Sandalia plana mujer - Vizzano - Donna Colombia<\/title>\n<meta name=\"robots\" content=\"index, follow, max-snippet:-1, max-image-preview:large, max-video-preview:-1\" \/>\n<link rel=\"canonical\" href=\"https:\/\/donnacolombia.com\/index.php\/producto\/sandalia-plana-mujer-vizzano-4\/\" \/>\n<meta property=\"og:locale\" content=\"es_ES\" \/>\n<meta property=\"og:type\" content=\"article\" \/>\n<meta property=\"og:title\" content=\"Sandalia plana mujer - Vizzano\" \/>\n<meta property=\"og:description\" content=\"Esta sandalia Vizzano en color blanco es la definici\u00f3n de elegancia veraniega, destacando por su imponente hebilla dorada que aporta un brillo de distinci\u00f3n. Su dise\u00f1o de punta cuadrada con delicados toques metalizados fusiona la frescura con la alta moda urbana. Gracias a su plantilla acolchada, es la opci\u00f3n perfecta para quienes buscan confort premium [...]\" \/>\n<meta property=\"og:url\" content=\"https:\/\/donnacolombia.com\/index.php\/producto\/sandalia-plana-mujer-vizzano-4\/\" \/>\n<meta property=\"og:site_name\" content=\"Donna Colombia\" \/>\n<meta property=\"article:modified_time\" content=\"2026-05-09T00:40:07+00:00\" \/>\n<meta property=\"og:image\" content=\"https:\/\/donnacolombia.com\/wp-content\/uploads\/2026\/03\/Diseno-sin-titulo-4-2-scaled.jpg\" \/>\n\t<meta property=\"og:image:width\" content=\"2560\" \/>\n\t<meta property=\"og:image:height\" content=\"2560\" \/>\n\t<meta property=\"og:image:type\" content=\"image\/jpeg\" \/>\n<meta name=\"twitter:card\" content=\"summary_large_image\" \/>\n<meta name=\"twitter:label1\" content=\"Tiempo de lectura\" \/>\n\t<meta name=\"twitter:data1\" content=\"1 minuto\" \/>\n<script type=\"application\/ld+json\" class=\"yoast-schema-graph\">{\"@context\":\"https:\\\/\\\/schema.org\",\"@graph\":[{\"@type\":\"WebPage\",\"@id\":\"https:\\\/\\\/donnacolombia.com\\\/index.php\\\/producto\\\/sandalia-plana-mujer-vizzano-4\\\/\",\"url\":\"https:\\\/\\\/donnacolombia.com\\\/index.php\\\/producto\\\/sandalia-plana-mujer-vizzano-4\\\/\",\"name\":\"Sandalia plana mujer - Vizzano - Donna Colombia\",\"isPartOf\":{\"@id\":\"https:\\\/\\\/donnacolombia.com\\\/#website\"},\"primaryImageOfPage\":{\"@id\":\"https:\\\/\\\/donnacolombia.com\\\/index.php\\\/producto\\\/sandalia-plana-mujer-vizzano-4\\\/#primaryimage\"},\"image\":{\"@id\":\"https:\\\/\\\/donnacolombia.com\\\/index.php\\\/producto\\\/sandalia-plana-mujer-vizzano-4\\\/#primaryimage\"},\"thumbnailUrl\":\"https:\\\/\\\/donnacolombia.com\\\/wp-content\\\/uploads\\\/2026\\\/03\\\/Diseno-sin-titulo-4-2-scaled.jpg\",\"datePublished\":\"2026-03-11T21:00:57+00:00\",\"dateModified\":\"2026-05-09T00:40:07+00:00\",\"breadcrumb\":{\"@id\":\"https:\\\/\\\/donnacolombia.com\\\/index.php\\\/producto\\\/sandalia-plana-mujer-vizzano-4\\\/#breadcrumb\"},\"inLanguage\":\"es\",\"potentialAction\":[{\"@type\":\"ReadAction\",\"target\":[\"https:\\\/\\\/donnacolombia.com\\\/index.php\\\/producto\\\/sandalia-plana-mujer-vizzano-4\\\/\"]}]},{\"@type\":\"ImageObject\",\"inLanguage\":\"es\",\"@id\":\"https:\\\/\\\/donnacolombia.com\\\/index.php\\\/producto\\\/sandalia-plana-mujer-vizzano-4\\\/#primaryimage\",\"url\":\"https:\\\/\\\/donnacolombia.com\\\/wp-content\\\/uploads\\\/2026\\\/03\\\/Diseno-sin-titulo-4-2-scaled.jpg\",\"contentUrl\":\"https:\\\/\\\/donnacolombia.com\\\/wp-content\\\/uploads\\\/2026\\\/03\\\/Diseno-sin-titulo-4-2-scaled.jpg\",\"width\":2560,\"height\":2560},{\"@type\":\"BreadcrumbList\",\"@id\":\"https:\\\/\\\/donnacolombia.com\\\/index.php\\\/producto\\\/sandalia-plana-mujer-vizzano-4\\\/#breadcrumb\",\"itemListElement\":[{\"@type\":\"ListItem\",\"position\":1,\"name\":\"Portada\",\"item\":\"https:\\\/\\\/donnacolombia.com\\\/\"},{\"@type\":\"ListItem\",\"position\":2,\"name\":\"Tienda\",\"item\":\"https:\\\/\\\/donnacolombia.com\\\/index.php\\\/tienda\\\/\"},{\"@type\":\"ListItem\",\"position\":3,\"name\":\"Sandalia plana mujer &#8211; Vizzano\"}]},{\"@type\":\"WebSite\",\"@id\":\"https:\\\/\\\/donnacolombia.com\\\/#website\",\"url\":\"https:\\\/\\\/donnacolombia.com\\\/\",\"name\":\"Donna Colombia\",\"description\":\"Calzado para dama\",\"publisher\":{\"@id\":\"https:\\\/\\\/donnacolombia.com\\\/#organization\"},\"potentialAction\":[{\"@type\":\"SearchAction\",\"target\":{\"@type\":\"EntryPoint\",\"urlTemplate\":\"https:\\\/\\\/donnacolombia.com\\\/?s={search_term_string}\"},\"query-input\":{\"@type\":\"PropertyValueSpecification\",\"valueRequired\":true,\"valueName\":\"search_term_string\"}}],\"inLanguage\":\"es\"},{\"@type\":\"Organization\",\"@id\":\"https:\\\/\\\/donnacolombia.com\\\/#organization\",\"name\":\"Donna Colombia\",\"url\":\"https:\\\/\\\/donnacolombia.com\\\/\",\"logo\":{\"@type\":\"ImageObject\",\"inLanguage\":\"es\",\"@id\":\"https:\\\/\\\/donnacolombia.com\\\/#\\\/schema\\\/logo\\\/image\\\/\",\"url\":\"https:\\\/\\\/donnacolombia.com\\\/wp-content\\\/uploads\\\/2025\\\/12\\\/cropped-LOGO-512.webp\",\"contentUrl\":\"https:\\\/\\\/donnacolombia.com\\\/wp-content\\\/uploads\\\/2025\\\/12\\\/cropped-LOGO-512.webp\",\"width\":512,\"height\":512,\"caption\":\"Donna Colombia\"},\"image\":{\"@id\":\"https:\\\/\\\/donnacolombia.com\\\/#\\\/schema\\\/logo\\\/image\\\/\"}}]}<\/script>\n<!-- \/ Yoast SEO Premium plugin. -->","yoast_head_json":{"title":"Sandalia plana mujer - Vizzano - Donna Colombia","robots":{"index":"index","follow":"follow","max-snippet":"max-snippet:-1","max-image-preview":"max-image-preview:large","max-video-preview":"max-video-preview:-1"},"canonical":"https:\/\/donnacolombia.com\/index.php\/producto\/sandalia-plana-mujer-vizzano-4\/","og_locale":"es_ES","og_type":"article","og_title":"Sandalia plana mujer - Vizzano","og_description":"Esta sandalia Vizzano en color blanco es la definici\u00f3n de elegancia veraniega, destacando por su imponente hebilla dorada que aporta un brillo de distinci\u00f3n. Su dise\u00f1o de punta cuadrada con delicados toques metalizados fusiona la frescura con la alta moda urbana. Gracias a su plantilla acolchada, es la opci\u00f3n perfecta para quienes buscan confort premium [...]","og_url":"https:\/\/donnacolombia.com\/index.php\/producto\/sandalia-plana-mujer-vizzano-4\/","og_site_name":"Donna Colombia","article_modified_time":"2026-05-09T00:40:07+00:00","og_image":[{"width":2560,"height":2560,"url":"https:\/\/donnacolombia.com\/wp-content\/uploads\/2026\/03\/Diseno-sin-titulo-4-2-scaled.jpg","type":"image\/jpeg"}],"twitter_card":"summary_large_image","twitter_misc":{"Tiempo de lectura":"1 minuto"},"schema":{"@context":"https:\/\/schema.org","@graph":[{"@type":"WebPage","@id":"https:\/\/donnacolombia.com\/index.php\/producto\/sandalia-plana-mujer-vizzano-4\/","url":"https:\/\/donnacolombia.com\/index.php\/producto\/sandalia-plana-mujer-vizzano-4\/","name":"Sandalia plana mujer - Vizzano - Donna Colombia","isPartOf":{"@id":"https:\/\/donnacolombia.com\/#website"},"primaryImageOfPage":{"@id":"https:\/\/donnacolombia.com\/index.php\/producto\/sandalia-plana-mujer-vizzano-4\/#primaryimage"},"image":{"@id":"https:\/\/donnacolombia.com\/index.php\/producto\/sandalia-plana-mujer-vizzano-4\/#primaryimage"},"thumbnailUrl":"https:\/\/donnacolombia.com\/wp-content\/uploads\/2026\/03\/Diseno-sin-titulo-4-2-scaled.jpg","datePublished":"2026-03-11T21:00:57+00:00","dateModified":"2026-05-09T00:40:07+00:00","breadcrumb":{"@id":"https:\/\/donnacolombia.com\/index.php\/producto\/sandalia-plana-mujer-vizzano-4\/#breadcrumb"},"inLanguage":"es","potentialAction":[{"@type":"ReadAction","target":["https:\/\/donnacolombia.com\/index.php\/producto\/sandalia-plana-mujer-vizzano-4\/"]}]},{"@type":"ImageObject","inLanguage":"es","@id":"https:\/\/donnacolombia.com\/index.php\/producto\/sandalia-plana-mujer-vizzano-4\/#primaryimage","url":"https:\/\/donnacolombia.com\/wp-content\/uploads\/2026\/03\/Diseno-sin-titulo-4-2-scaled.jpg","contentUrl":"https:\/\/donnacolombia.com\/wp-content\/uploads\/2026\/03\/Diseno-sin-titulo-4-2-scaled.jpg","width":2560,"height":2560},{"@type":"BreadcrumbList","@id":"https:\/\/donnacolombia.com\/index.php\/producto\/sandalia-plana-mujer-vizzano-4\/#breadcrumb","itemListElement":[{"@type":"ListItem","position":1,"name":"Portada","item":"https:\/\/donnacolombia.com\/"},{"@type":"ListItem","position":2,"name":"Tienda","item":"https:\/\/donnacolombia.com\/index.php\/tienda\/"},{"@type":"ListItem","position":3,"name":"Sandalia plana mujer &#8211; Vizzano"}]},{"@type":"WebSite","@id":"https:\/\/donnacolombia.com\/#website","url":"https:\/\/donnacolombia.com\/","name":"Donna Colombia","description":"Calzado para dama","publisher":{"@id":"https:\/\/donnacolombia.com\/#organization"},"potentialAction":[{"@type":"SearchAction","target":{"@type":"EntryPoint","urlTemplate":"https:\/\/donnacolombia.com\/?s={search_term_string}"},"query-input":{"@type":"PropertyValueSpecification","valueRequired":true,"valueName":"search_term_string"}}],"inLanguage":"es"},{"@type":"Organization","@id":"https:\/\/donnacolombia.com\/#organization","name":"Donna Colombia","url":"https:\/\/donnacolombia.com\/","logo":{"@type":"ImageObject","inLanguage":"es","@id":"https:\/\/donnacolombia.com\/#\/schema\/logo\/image\/","url":"https:\/\/donnacolombia.com\/wp-content\/uploads\/2025\/12\/cropped-LOGO-512.webp","contentUrl":"https:\/\/donnacolombia.com\/wp-content\/uploads\/2025\/12\/cropped-LOGO-512.webp","width":512,"height":512,"caption":"Donna Colombia"},"image":{"@id":"https:\/\/donnacolombia.com\/#\/schema\/logo\/image\/"}}]}},"_links":{"self":[{"href":"https:\/\/donnacolombia.com\/index.php\/wp-json\/wp\/v2\/product\/26701","targetHints":{"allow":["GET"]}}],"collection":[{"href":"https:\/\/donnacolombia.com\/index.php\/wp-json\/wp\/v2\/product"}],"about":[{"href":"https:\/\/donnacolombia.com\/index.php\/wp-json\/wp\/v2\/types\/product"}],"wp:featuredmedia":[{"embeddable":true,"href":"https:\/\/donnacolombia.com\/index.php\/wp-json\/wp\/v2\/media\/26691"}],"wp:attachment":[{"href":"https:\/\/donnacolombia.com\/index.php\/wp-json\/wp\/v2\/media?parent=26701"}],"wp:term":[{"taxonomy":"product_brand","embeddable":true,"href":"https:\/\/donnacolombia.com\/index.php\/wp-json\/wp\/v2\/product_brand?post=26701"},{"taxonomy":"product_cat","embeddable":true,"href":"https:\/\/donnacolombia.com\/index.php\/wp-json\/wp\/v2\/product_cat?post=26701"},{"taxonomy":"product_tag","embeddable":true,"href":"https:\/\/donnacolombia.com\/index.php\/wp-json\/wp\/v2\/product_tag?post=26701"}],"curies":[{"name":"wp","href":"https:\/\/api.w.org\/{rel}","templated":true}]}}