{"id":26268,"date":"2026-03-09T21:48:08","date_gmt":"2026-03-09T20:48:08","guid":{"rendered":"https:\/\/donnacolombia.com\/?post_type=product&#038;p=26268"},"modified":"2026-03-27T00:53:56","modified_gmt":"2026-03-26T23:53:56","slug":"baleta-negro-brillante-piccadilly","status":"publish","type":"product","link":"https:\/\/donnacolombia.com\/index.php\/producto\/baleta-negro-brillante-piccadilly\/","title":{"rendered":"Baleta negro brillante &#8211; Piccadilly"},"content":{"rendered":"<div class=\"ng-tns-c3417386171-71\">\n<section id=\"processing-state-9\" class=\"processing-state_container is-gpi-avatar ng-tns-c3417386171-71 ng-trigger ng-trigger-processingStateShowHide ng-star-inserted is-done-processing\">\n<div id=\"processing-state-9-summary\" class=\"processing-state_details is-gpi-avatar ng-trigger ng-trigger-menuExpansion ng-tns-c3417386171-71 ng-star-inserted\" aria-hidden=\"true\">\n<p><span style=\"font-size: 14.4px\">Brilla con luz propia con estos zapatos <\/span><b style=\"font-size: 14.4px\" data-path-to-node=\"0\" data-index-in-node=\"40\">Piccadilly<\/b><span style=\"font-size: 14.4px\">, que destacan por su elegante acabado en <\/span><i style=\"font-size: 14.4px\" data-path-to-node=\"0\" data-index-in-node=\"92\">glitter<\/i><span style=\"font-size: 14.4px\"> negro y un sofisticado detalle dorado en el tac\u00f3n. Su dise\u00f1o de punta fina y <\/span><b style=\"font-size: 14.4px\" data-path-to-node=\"0\" data-index-in-node=\"177\">tac\u00f3n bajo ultra estable<\/b><span style=\"font-size: 14.4px\"> ofrece el balance ideal entre glamour y bienestar, permiti\u00e9ndote disfrutar de cualquier evento sin cansancio. Es la elecci\u00f3n perfecta para quienes buscan un <\/span><b style=\"font-size: 14.4px\" data-path-to-node=\"0\" data-index-in-node=\"359\">toque de gala y sofisticaci\u00f3n<\/b><span style=\"font-size: 14.4px\"> con la comodidad garantizada de la marca.<\/span><\/p>\n<\/div>\n<\/section>\n<\/div>\n","protected":false},"excerpt":{"rendered":"<p>Brilla con luz propia con estos zapatos Piccadilly, que destacan por su elegante acabado en glitter negro y un sofisticado detalle dorado en el tac\u00f3n. Su dise\u00f1o de punta fina y tac\u00f3n bajo ultra estable ofrece el balance ideal entre glamour y bienestar, permiti\u00e9ndote disfrutar de cualquier evento sin cansancio. Es la elecci\u00f3n perfecta para [&#8230;]\n","protected":false},"featured_media":26269,"template":"","meta":[],"product_brand":[],"product_cat":[409],"product_tag":[],"class_list":{"0":"post-26268","1":"product","2":"type-product","3":"status-publish","4":"has-post-thumbnail","6":"product_cat-baleta","7":"pa_color-negro-brillante","8":"pa_talla-del-calzado-578","9":"pa_talla-del-calzado-582","10":"pa_talla-del-calzado-579","11":"pa_talla-del-calzado-583","12":"pa_talla-del-calzado-584","14":"first","15":"instock","16":"shipping-taxable","17":"purchasable","18":"product-type-variable"},"yoast_head":"<!-- This site is optimized with the Yoast SEO Premium plugin v26.2 (Yoast SEO v27.4) - https:\/\/yoast.com\/product\/yoast-seo-premium-wordpress\/ -->\n<title>Baleta negro brillante - Piccadilly - Donna Colombia<\/title>\n<meta name=\"robots\" content=\"index, follow, max-snippet:-1, max-image-preview:large, max-video-preview:-1\" \/>\n<link rel=\"canonical\" href=\"https:\/\/donnacolombia.com\/index.php\/producto\/baleta-negro-brillante-piccadilly\/\" \/>\n<meta property=\"og:locale\" content=\"es_ES\" \/>\n<meta property=\"og:type\" content=\"article\" \/>\n<meta property=\"og:title\" content=\"Baleta negro brillante - Piccadilly\" \/>\n<meta property=\"og:description\" content=\"Brilla con luz propia con estos zapatos Piccadilly, que destacan por su elegante acabado en glitter negro y un sofisticado detalle dorado en el tac\u00f3n. Su dise\u00f1o de punta fina y tac\u00f3n bajo ultra estable ofrece el balance ideal entre glamour y bienestar, permiti\u00e9ndote disfrutar de cualquier evento sin cansancio. Es la elecci\u00f3n perfecta para [...]\" \/>\n<meta property=\"og:url\" content=\"https:\/\/donnacolombia.com\/index.php\/producto\/baleta-negro-brillante-piccadilly\/\" \/>\n<meta property=\"og:site_name\" content=\"Donna Colombia\" \/>\n<meta property=\"article:modified_time\" content=\"2026-03-26T23:53:56+00:00\" \/>\n<meta property=\"og:image\" content=\"https:\/\/donnacolombia.com\/wp-content\/uploads\/2026\/03\/Diseno-sin-titulo-45-scaled.jpg\" \/>\n\t<meta property=\"og:image:width\" content=\"2560\" \/>\n\t<meta property=\"og:image:height\" content=\"2560\" \/>\n\t<meta property=\"og:image:type\" content=\"image\/jpeg\" \/>\n<meta name=\"twitter:card\" content=\"summary_large_image\" \/>\n<meta name=\"twitter:label1\" content=\"Tiempo de lectura\" \/>\n\t<meta name=\"twitter:data1\" content=\"1 minuto\" \/>\n<script type=\"application\/ld+json\" class=\"yoast-schema-graph\">{\"@context\":\"https:\\\/\\\/schema.org\",\"@graph\":[{\"@type\":\"WebPage\",\"@id\":\"https:\\\/\\\/donnacolombia.com\\\/index.php\\\/producto\\\/baleta-negro-brillante-piccadilly\\\/\",\"url\":\"https:\\\/\\\/donnacolombia.com\\\/index.php\\\/producto\\\/baleta-negro-brillante-piccadilly\\\/\",\"name\":\"Baleta negro brillante - Piccadilly - Donna Colombia\",\"isPartOf\":{\"@id\":\"https:\\\/\\\/donnacolombia.com\\\/#website\"},\"primaryImageOfPage\":{\"@id\":\"https:\\\/\\\/donnacolombia.com\\\/index.php\\\/producto\\\/baleta-negro-brillante-piccadilly\\\/#primaryimage\"},\"image\":{\"@id\":\"https:\\\/\\\/donnacolombia.com\\\/index.php\\\/producto\\\/baleta-negro-brillante-piccadilly\\\/#primaryimage\"},\"thumbnailUrl\":\"https:\\\/\\\/donnacolombia.com\\\/wp-content\\\/uploads\\\/2026\\\/03\\\/Diseno-sin-titulo-45-scaled.jpg\",\"datePublished\":\"2026-03-09T20:48:08+00:00\",\"dateModified\":\"2026-03-26T23:53:56+00:00\",\"breadcrumb\":{\"@id\":\"https:\\\/\\\/donnacolombia.com\\\/index.php\\\/producto\\\/baleta-negro-brillante-piccadilly\\\/#breadcrumb\"},\"inLanguage\":\"es\",\"potentialAction\":[{\"@type\":\"ReadAction\",\"target\":[\"https:\\\/\\\/donnacolombia.com\\\/index.php\\\/producto\\\/baleta-negro-brillante-piccadilly\\\/\"]}]},{\"@type\":\"ImageObject\",\"inLanguage\":\"es\",\"@id\":\"https:\\\/\\\/donnacolombia.com\\\/index.php\\\/producto\\\/baleta-negro-brillante-piccadilly\\\/#primaryimage\",\"url\":\"https:\\\/\\\/donnacolombia.com\\\/wp-content\\\/uploads\\\/2026\\\/03\\\/Diseno-sin-titulo-45-scaled.jpg\",\"contentUrl\":\"https:\\\/\\\/donnacolombia.com\\\/wp-content\\\/uploads\\\/2026\\\/03\\\/Diseno-sin-titulo-45-scaled.jpg\",\"width\":2560,\"height\":2560},{\"@type\":\"BreadcrumbList\",\"@id\":\"https:\\\/\\\/donnacolombia.com\\\/index.php\\\/producto\\\/baleta-negro-brillante-piccadilly\\\/#breadcrumb\",\"itemListElement\":[{\"@type\":\"ListItem\",\"position\":1,\"name\":\"Portada\",\"item\":\"https:\\\/\\\/donnacolombia.com\\\/\"},{\"@type\":\"ListItem\",\"position\":2,\"name\":\"Tienda\",\"item\":\"https:\\\/\\\/donnacolombia.com\\\/index.php\\\/tienda\\\/\"},{\"@type\":\"ListItem\",\"position\":3,\"name\":\"Baleta negro brillante &#8211; Piccadilly\"}]},{\"@type\":\"WebSite\",\"@id\":\"https:\\\/\\\/donnacolombia.com\\\/#website\",\"url\":\"https:\\\/\\\/donnacolombia.com\\\/\",\"name\":\"Donna Colombia\",\"description\":\"Calzado para dama\",\"publisher\":{\"@id\":\"https:\\\/\\\/donnacolombia.com\\\/#organization\"},\"potentialAction\":[{\"@type\":\"SearchAction\",\"target\":{\"@type\":\"EntryPoint\",\"urlTemplate\":\"https:\\\/\\\/donnacolombia.com\\\/?s={search_term_string}\"},\"query-input\":{\"@type\":\"PropertyValueSpecification\",\"valueRequired\":true,\"valueName\":\"search_term_string\"}}],\"inLanguage\":\"es\"},{\"@type\":\"Organization\",\"@id\":\"https:\\\/\\\/donnacolombia.com\\\/#organization\",\"name\":\"Donna Colombia\",\"url\":\"https:\\\/\\\/donnacolombia.com\\\/\",\"logo\":{\"@type\":\"ImageObject\",\"inLanguage\":\"es\",\"@id\":\"https:\\\/\\\/donnacolombia.com\\\/#\\\/schema\\\/logo\\\/image\\\/\",\"url\":\"https:\\\/\\\/donnacolombia.com\\\/wp-content\\\/uploads\\\/2025\\\/12\\\/cropped-LOGO-512.webp\",\"contentUrl\":\"https:\\\/\\\/donnacolombia.com\\\/wp-content\\\/uploads\\\/2025\\\/12\\\/cropped-LOGO-512.webp\",\"width\":512,\"height\":512,\"caption\":\"Donna Colombia\"},\"image\":{\"@id\":\"https:\\\/\\\/donnacolombia.com\\\/#\\\/schema\\\/logo\\\/image\\\/\"}}]}<\/script>\n<!-- \/ Yoast SEO Premium plugin. -->","yoast_head_json":{"title":"Baleta negro brillante - Piccadilly - Donna Colombia","robots":{"index":"index","follow":"follow","max-snippet":"max-snippet:-1","max-image-preview":"max-image-preview:large","max-video-preview":"max-video-preview:-1"},"canonical":"https:\/\/donnacolombia.com\/index.php\/producto\/baleta-negro-brillante-piccadilly\/","og_locale":"es_ES","og_type":"article","og_title":"Baleta negro brillante - Piccadilly","og_description":"Brilla con luz propia con estos zapatos Piccadilly, que destacan por su elegante acabado en glitter negro y un sofisticado detalle dorado en el tac\u00f3n. Su dise\u00f1o de punta fina y tac\u00f3n bajo ultra estable ofrece el balance ideal entre glamour y bienestar, permiti\u00e9ndote disfrutar de cualquier evento sin cansancio. Es la elecci\u00f3n perfecta para [...]","og_url":"https:\/\/donnacolombia.com\/index.php\/producto\/baleta-negro-brillante-piccadilly\/","og_site_name":"Donna Colombia","article_modified_time":"2026-03-26T23:53:56+00:00","og_image":[{"width":2560,"height":2560,"url":"https:\/\/donnacolombia.com\/wp-content\/uploads\/2026\/03\/Diseno-sin-titulo-45-scaled.jpg","type":"image\/jpeg"}],"twitter_card":"summary_large_image","twitter_misc":{"Tiempo de lectura":"1 minuto"},"schema":{"@context":"https:\/\/schema.org","@graph":[{"@type":"WebPage","@id":"https:\/\/donnacolombia.com\/index.php\/producto\/baleta-negro-brillante-piccadilly\/","url":"https:\/\/donnacolombia.com\/index.php\/producto\/baleta-negro-brillante-piccadilly\/","name":"Baleta negro brillante - Piccadilly - Donna Colombia","isPartOf":{"@id":"https:\/\/donnacolombia.com\/#website"},"primaryImageOfPage":{"@id":"https:\/\/donnacolombia.com\/index.php\/producto\/baleta-negro-brillante-piccadilly\/#primaryimage"},"image":{"@id":"https:\/\/donnacolombia.com\/index.php\/producto\/baleta-negro-brillante-piccadilly\/#primaryimage"},"thumbnailUrl":"https:\/\/donnacolombia.com\/wp-content\/uploads\/2026\/03\/Diseno-sin-titulo-45-scaled.jpg","datePublished":"2026-03-09T20:48:08+00:00","dateModified":"2026-03-26T23:53:56+00:00","breadcrumb":{"@id":"https:\/\/donnacolombia.com\/index.php\/producto\/baleta-negro-brillante-piccadilly\/#breadcrumb"},"inLanguage":"es","potentialAction":[{"@type":"ReadAction","target":["https:\/\/donnacolombia.com\/index.php\/producto\/baleta-negro-brillante-piccadilly\/"]}]},{"@type":"ImageObject","inLanguage":"es","@id":"https:\/\/donnacolombia.com\/index.php\/producto\/baleta-negro-brillante-piccadilly\/#primaryimage","url":"https:\/\/donnacolombia.com\/wp-content\/uploads\/2026\/03\/Diseno-sin-titulo-45-scaled.jpg","contentUrl":"https:\/\/donnacolombia.com\/wp-content\/uploads\/2026\/03\/Diseno-sin-titulo-45-scaled.jpg","width":2560,"height":2560},{"@type":"BreadcrumbList","@id":"https:\/\/donnacolombia.com\/index.php\/producto\/baleta-negro-brillante-piccadilly\/#breadcrumb","itemListElement":[{"@type":"ListItem","position":1,"name":"Portada","item":"https:\/\/donnacolombia.com\/"},{"@type":"ListItem","position":2,"name":"Tienda","item":"https:\/\/donnacolombia.com\/index.php\/tienda\/"},{"@type":"ListItem","position":3,"name":"Baleta negro brillante &#8211; Piccadilly"}]},{"@type":"WebSite","@id":"https:\/\/donnacolombia.com\/#website","url":"https:\/\/donnacolombia.com\/","name":"Donna Colombia","description":"Calzado para dama","publisher":{"@id":"https:\/\/donnacolombia.com\/#organization"},"potentialAction":[{"@type":"SearchAction","target":{"@type":"EntryPoint","urlTemplate":"https:\/\/donnacolombia.com\/?s={search_term_string}"},"query-input":{"@type":"PropertyValueSpecification","valueRequired":true,"valueName":"search_term_string"}}],"inLanguage":"es"},{"@type":"Organization","@id":"https:\/\/donnacolombia.com\/#organization","name":"Donna Colombia","url":"https:\/\/donnacolombia.com\/","logo":{"@type":"ImageObject","inLanguage":"es","@id":"https:\/\/donnacolombia.com\/#\/schema\/logo\/image\/","url":"https:\/\/donnacolombia.com\/wp-content\/uploads\/2025\/12\/cropped-LOGO-512.webp","contentUrl":"https:\/\/donnacolombia.com\/wp-content\/uploads\/2025\/12\/cropped-LOGO-512.webp","width":512,"height":512,"caption":"Donna Colombia"},"image":{"@id":"https:\/\/donnacolombia.com\/#\/schema\/logo\/image\/"}}]}},"_links":{"self":[{"href":"https:\/\/donnacolombia.com\/index.php\/wp-json\/wp\/v2\/product\/26268","targetHints":{"allow":["GET"]}}],"collection":[{"href":"https:\/\/donnacolombia.com\/index.php\/wp-json\/wp\/v2\/product"}],"about":[{"href":"https:\/\/donnacolombia.com\/index.php\/wp-json\/wp\/v2\/types\/product"}],"wp:featuredmedia":[{"embeddable":true,"href":"https:\/\/donnacolombia.com\/index.php\/wp-json\/wp\/v2\/media\/26269"}],"wp:attachment":[{"href":"https:\/\/donnacolombia.com\/index.php\/wp-json\/wp\/v2\/media?parent=26268"}],"wp:term":[{"taxonomy":"product_brand","embeddable":true,"href":"https:\/\/donnacolombia.com\/index.php\/wp-json\/wp\/v2\/product_brand?post=26268"},{"taxonomy":"product_cat","embeddable":true,"href":"https:\/\/donnacolombia.com\/index.php\/wp-json\/wp\/v2\/product_cat?post=26268"},{"taxonomy":"product_tag","embeddable":true,"href":"https:\/\/donnacolombia.com\/index.php\/wp-json\/wp\/v2\/product_tag?post=26268"}],"curies":[{"name":"wp","href":"https:\/\/api.w.org\/{rel}","templated":true}]}}