{"id":26229,"date":"2026-03-09T21:15:46","date_gmt":"2026-03-09T20:15:46","guid":{"rendered":"https:\/\/donnacolombia.com\/?post_type=product&#038;p=26229"},"modified":"2026-05-02T00:35:54","modified_gmt":"2026-05-01T22:35:54","slug":"baleta-mujer-piccadilly","status":"publish","type":"product","link":"https:\/\/donnacolombia.com\/index.php\/producto\/baleta-mujer-piccadilly\/","title":{"rendered":"Baleta mujer &#8211; Piccadilly"},"content":{"rendered":"<div class=\"ng-tns-c3417386171-59\">\n<section id=\"processing-state-7\" class=\"processing-state_container is-gpi-avatar ng-tns-c3417386171-59 ng-trigger ng-trigger-processingStateShowHide ng-star-inserted is-done-processing\">\n<div id=\"processing-state-7-summary\" class=\"processing-state_details is-gpi-avatar ng-trigger ng-trigger-menuExpansion ng-tns-c3417386171-59 ng-star-inserted\" aria-hidden=\"true\">\n<p><span style=\"font-size: 14.4px\">Lleva la sofisticaci\u00f3n a tu d\u00eda a d\u00eda con estos zapatos <\/span><b style=\"font-size: 14.4px\" data-path-to-node=\"0\" data-index-in-node=\"56\">Piccadilly<\/b><span style=\"font-size: 14.4px\"> en un profundo tono chocolate, resaltados por un refinado herraje dorado en la puntera. Su <\/span><b style=\"font-size: 14.4px\" data-path-to-node=\"0\" data-index-in-node=\"158\">tac\u00f3n m\u00ednimo y dise\u00f1o ergon\u00f3mico<\/b><span style=\"font-size: 14.4px\"> ofrecen la estabilidad necesaria para caminar con total libertad sin perder el estilo. Son la opci\u00f3n perfecta para un <\/span><b style=\"font-size: 14.4px\" data-path-to-node=\"0\" data-index-in-node=\"309\">look ejecutivo o casual-chic<\/b><span style=\"font-size: 14.4px\"> que prioriza el confort absoluto en cada paso.<\/span><\/p>\n<\/div>\n<\/section>\n<\/div>\n","protected":false},"excerpt":{"rendered":"<p>Lleva la sofisticaci\u00f3n a tu d\u00eda a d\u00eda con estos zapatos Piccadilly en un profundo tono chocolate, resaltados por un refinado herraje dorado en la puntera. Su tac\u00f3n m\u00ednimo y dise\u00f1o ergon\u00f3mico ofrecen la estabilidad necesaria para caminar con total libertad sin perder el estilo. Son la opci\u00f3n perfecta para un look ejecutivo o casual-chic [&#8230;]\n","protected":false},"featured_media":26230,"template":"","meta":[],"product_brand":[],"product_cat":[409],"product_tag":[],"class_list":{"0":"post-26229","1":"product","2":"type-product","3":"status-publish","4":"has-post-thumbnail","6":"product_cat-baleta","7":"pa_color-cacao","8":"pa_color-negro","9":"pa_talla-del-calzado-578","10":"pa_talla-del-calzado-582","11":"pa_talla-del-calzado-579","12":"pa_talla-del-calzado-583","13":"pa_talla-del-calzado-580","14":"pa_talla-del-calzado-584","16":"first","17":"instock","18":"shipping-taxable","19":"purchasable","20":"product-type-variable"},"yoast_head":"<!-- This site is optimized with the Yoast SEO Premium plugin v26.2 (Yoast SEO v27.4) - https:\/\/yoast.com\/product\/yoast-seo-premium-wordpress\/ -->\n<title>Baleta mujer - Piccadilly - Donna Colombia<\/title>\n<meta name=\"robots\" content=\"index, follow, max-snippet:-1, max-image-preview:large, max-video-preview:-1\" \/>\n<link rel=\"canonical\" href=\"https:\/\/donnacolombia.com\/index.php\/producto\/baleta-mujer-piccadilly\/\" \/>\n<meta property=\"og:locale\" content=\"es_ES\" \/>\n<meta property=\"og:type\" content=\"article\" \/>\n<meta property=\"og:title\" content=\"Baleta mujer - Piccadilly\" \/>\n<meta property=\"og:description\" content=\"Lleva la sofisticaci\u00f3n a tu d\u00eda a d\u00eda con estos zapatos Piccadilly en un profundo tono chocolate, resaltados por un refinado herraje dorado en la puntera. Su tac\u00f3n m\u00ednimo y dise\u00f1o ergon\u00f3mico ofrecen la estabilidad necesaria para caminar con total libertad sin perder el estilo. Son la opci\u00f3n perfecta para un look ejecutivo o casual-chic [...]\" \/>\n<meta property=\"og:url\" content=\"https:\/\/donnacolombia.com\/index.php\/producto\/baleta-mujer-piccadilly\/\" \/>\n<meta property=\"og:site_name\" content=\"Donna Colombia\" \/>\n<meta property=\"article:modified_time\" content=\"2026-05-01T22:35:54+00:00\" \/>\n<meta property=\"og:image\" content=\"https:\/\/donnacolombia.com\/wp-content\/uploads\/2026\/03\/Diseno-sin-titulo-29-scaled.jpg\" \/>\n\t<meta property=\"og:image:width\" content=\"2560\" \/>\n\t<meta property=\"og:image:height\" content=\"2560\" \/>\n\t<meta property=\"og:image:type\" content=\"image\/jpeg\" \/>\n<meta name=\"twitter:card\" content=\"summary_large_image\" \/>\n<meta name=\"twitter:label1\" content=\"Tiempo de lectura\" \/>\n\t<meta name=\"twitter:data1\" content=\"1 minuto\" \/>\n<script type=\"application\/ld+json\" class=\"yoast-schema-graph\">{\"@context\":\"https:\\\/\\\/schema.org\",\"@graph\":[{\"@type\":\"WebPage\",\"@id\":\"https:\\\/\\\/donnacolombia.com\\\/index.php\\\/producto\\\/baleta-mujer-piccadilly\\\/\",\"url\":\"https:\\\/\\\/donnacolombia.com\\\/index.php\\\/producto\\\/baleta-mujer-piccadilly\\\/\",\"name\":\"Baleta mujer - Piccadilly - Donna Colombia\",\"isPartOf\":{\"@id\":\"https:\\\/\\\/donnacolombia.com\\\/#website\"},\"primaryImageOfPage\":{\"@id\":\"https:\\\/\\\/donnacolombia.com\\\/index.php\\\/producto\\\/baleta-mujer-piccadilly\\\/#primaryimage\"},\"image\":{\"@id\":\"https:\\\/\\\/donnacolombia.com\\\/index.php\\\/producto\\\/baleta-mujer-piccadilly\\\/#primaryimage\"},\"thumbnailUrl\":\"https:\\\/\\\/donnacolombia.com\\\/wp-content\\\/uploads\\\/2026\\\/03\\\/Diseno-sin-titulo-29-scaled.jpg\",\"datePublished\":\"2026-03-09T20:15:46+00:00\",\"dateModified\":\"2026-05-01T22:35:54+00:00\",\"breadcrumb\":{\"@id\":\"https:\\\/\\\/donnacolombia.com\\\/index.php\\\/producto\\\/baleta-mujer-piccadilly\\\/#breadcrumb\"},\"inLanguage\":\"es\",\"potentialAction\":[{\"@type\":\"ReadAction\",\"target\":[\"https:\\\/\\\/donnacolombia.com\\\/index.php\\\/producto\\\/baleta-mujer-piccadilly\\\/\"]}]},{\"@type\":\"ImageObject\",\"inLanguage\":\"es\",\"@id\":\"https:\\\/\\\/donnacolombia.com\\\/index.php\\\/producto\\\/baleta-mujer-piccadilly\\\/#primaryimage\",\"url\":\"https:\\\/\\\/donnacolombia.com\\\/wp-content\\\/uploads\\\/2026\\\/03\\\/Diseno-sin-titulo-29-scaled.jpg\",\"contentUrl\":\"https:\\\/\\\/donnacolombia.com\\\/wp-content\\\/uploads\\\/2026\\\/03\\\/Diseno-sin-titulo-29-scaled.jpg\",\"width\":2560,\"height\":2560},{\"@type\":\"BreadcrumbList\",\"@id\":\"https:\\\/\\\/donnacolombia.com\\\/index.php\\\/producto\\\/baleta-mujer-piccadilly\\\/#breadcrumb\",\"itemListElement\":[{\"@type\":\"ListItem\",\"position\":1,\"name\":\"Portada\",\"item\":\"https:\\\/\\\/donnacolombia.com\\\/\"},{\"@type\":\"ListItem\",\"position\":2,\"name\":\"Tienda\",\"item\":\"https:\\\/\\\/donnacolombia.com\\\/index.php\\\/tienda\\\/\"},{\"@type\":\"ListItem\",\"position\":3,\"name\":\"Baleta mujer &#8211; Piccadilly\"}]},{\"@type\":\"WebSite\",\"@id\":\"https:\\\/\\\/donnacolombia.com\\\/#website\",\"url\":\"https:\\\/\\\/donnacolombia.com\\\/\",\"name\":\"Donna Colombia\",\"description\":\"Calzado para dama\",\"publisher\":{\"@id\":\"https:\\\/\\\/donnacolombia.com\\\/#organization\"},\"potentialAction\":[{\"@type\":\"SearchAction\",\"target\":{\"@type\":\"EntryPoint\",\"urlTemplate\":\"https:\\\/\\\/donnacolombia.com\\\/?s={search_term_string}\"},\"query-input\":{\"@type\":\"PropertyValueSpecification\",\"valueRequired\":true,\"valueName\":\"search_term_string\"}}],\"inLanguage\":\"es\"},{\"@type\":\"Organization\",\"@id\":\"https:\\\/\\\/donnacolombia.com\\\/#organization\",\"name\":\"Donna Colombia\",\"url\":\"https:\\\/\\\/donnacolombia.com\\\/\",\"logo\":{\"@type\":\"ImageObject\",\"inLanguage\":\"es\",\"@id\":\"https:\\\/\\\/donnacolombia.com\\\/#\\\/schema\\\/logo\\\/image\\\/\",\"url\":\"https:\\\/\\\/donnacolombia.com\\\/wp-content\\\/uploads\\\/2025\\\/12\\\/cropped-LOGO-512.webp\",\"contentUrl\":\"https:\\\/\\\/donnacolombia.com\\\/wp-content\\\/uploads\\\/2025\\\/12\\\/cropped-LOGO-512.webp\",\"width\":512,\"height\":512,\"caption\":\"Donna Colombia\"},\"image\":{\"@id\":\"https:\\\/\\\/donnacolombia.com\\\/#\\\/schema\\\/logo\\\/image\\\/\"}}]}<\/script>\n<!-- \/ Yoast SEO Premium plugin. -->","yoast_head_json":{"title":"Baleta mujer - Piccadilly - Donna Colombia","robots":{"index":"index","follow":"follow","max-snippet":"max-snippet:-1","max-image-preview":"max-image-preview:large","max-video-preview":"max-video-preview:-1"},"canonical":"https:\/\/donnacolombia.com\/index.php\/producto\/baleta-mujer-piccadilly\/","og_locale":"es_ES","og_type":"article","og_title":"Baleta mujer - Piccadilly","og_description":"Lleva la sofisticaci\u00f3n a tu d\u00eda a d\u00eda con estos zapatos Piccadilly en un profundo tono chocolate, resaltados por un refinado herraje dorado en la puntera. Su tac\u00f3n m\u00ednimo y dise\u00f1o ergon\u00f3mico ofrecen la estabilidad necesaria para caminar con total libertad sin perder el estilo. Son la opci\u00f3n perfecta para un look ejecutivo o casual-chic [...]","og_url":"https:\/\/donnacolombia.com\/index.php\/producto\/baleta-mujer-piccadilly\/","og_site_name":"Donna Colombia","article_modified_time":"2026-05-01T22:35:54+00:00","og_image":[{"width":2560,"height":2560,"url":"https:\/\/donnacolombia.com\/wp-content\/uploads\/2026\/03\/Diseno-sin-titulo-29-scaled.jpg","type":"image\/jpeg"}],"twitter_card":"summary_large_image","twitter_misc":{"Tiempo de lectura":"1 minuto"},"schema":{"@context":"https:\/\/schema.org","@graph":[{"@type":"WebPage","@id":"https:\/\/donnacolombia.com\/index.php\/producto\/baleta-mujer-piccadilly\/","url":"https:\/\/donnacolombia.com\/index.php\/producto\/baleta-mujer-piccadilly\/","name":"Baleta mujer - Piccadilly - Donna Colombia","isPartOf":{"@id":"https:\/\/donnacolombia.com\/#website"},"primaryImageOfPage":{"@id":"https:\/\/donnacolombia.com\/index.php\/producto\/baleta-mujer-piccadilly\/#primaryimage"},"image":{"@id":"https:\/\/donnacolombia.com\/index.php\/producto\/baleta-mujer-piccadilly\/#primaryimage"},"thumbnailUrl":"https:\/\/donnacolombia.com\/wp-content\/uploads\/2026\/03\/Diseno-sin-titulo-29-scaled.jpg","datePublished":"2026-03-09T20:15:46+00:00","dateModified":"2026-05-01T22:35:54+00:00","breadcrumb":{"@id":"https:\/\/donnacolombia.com\/index.php\/producto\/baleta-mujer-piccadilly\/#breadcrumb"},"inLanguage":"es","potentialAction":[{"@type":"ReadAction","target":["https:\/\/donnacolombia.com\/index.php\/producto\/baleta-mujer-piccadilly\/"]}]},{"@type":"ImageObject","inLanguage":"es","@id":"https:\/\/donnacolombia.com\/index.php\/producto\/baleta-mujer-piccadilly\/#primaryimage","url":"https:\/\/donnacolombia.com\/wp-content\/uploads\/2026\/03\/Diseno-sin-titulo-29-scaled.jpg","contentUrl":"https:\/\/donnacolombia.com\/wp-content\/uploads\/2026\/03\/Diseno-sin-titulo-29-scaled.jpg","width":2560,"height":2560},{"@type":"BreadcrumbList","@id":"https:\/\/donnacolombia.com\/index.php\/producto\/baleta-mujer-piccadilly\/#breadcrumb","itemListElement":[{"@type":"ListItem","position":1,"name":"Portada","item":"https:\/\/donnacolombia.com\/"},{"@type":"ListItem","position":2,"name":"Tienda","item":"https:\/\/donnacolombia.com\/index.php\/tienda\/"},{"@type":"ListItem","position":3,"name":"Baleta mujer &#8211; Piccadilly"}]},{"@type":"WebSite","@id":"https:\/\/donnacolombia.com\/#website","url":"https:\/\/donnacolombia.com\/","name":"Donna Colombia","description":"Calzado para dama","publisher":{"@id":"https:\/\/donnacolombia.com\/#organization"},"potentialAction":[{"@type":"SearchAction","target":{"@type":"EntryPoint","urlTemplate":"https:\/\/donnacolombia.com\/?s={search_term_string}"},"query-input":{"@type":"PropertyValueSpecification","valueRequired":true,"valueName":"search_term_string"}}],"inLanguage":"es"},{"@type":"Organization","@id":"https:\/\/donnacolombia.com\/#organization","name":"Donna Colombia","url":"https:\/\/donnacolombia.com\/","logo":{"@type":"ImageObject","inLanguage":"es","@id":"https:\/\/donnacolombia.com\/#\/schema\/logo\/image\/","url":"https:\/\/donnacolombia.com\/wp-content\/uploads\/2025\/12\/cropped-LOGO-512.webp","contentUrl":"https:\/\/donnacolombia.com\/wp-content\/uploads\/2025\/12\/cropped-LOGO-512.webp","width":512,"height":512,"caption":"Donna Colombia"},"image":{"@id":"https:\/\/donnacolombia.com\/#\/schema\/logo\/image\/"}}]}},"_links":{"self":[{"href":"https:\/\/donnacolombia.com\/index.php\/wp-json\/wp\/v2\/product\/26229","targetHints":{"allow":["GET"]}}],"collection":[{"href":"https:\/\/donnacolombia.com\/index.php\/wp-json\/wp\/v2\/product"}],"about":[{"href":"https:\/\/donnacolombia.com\/index.php\/wp-json\/wp\/v2\/types\/product"}],"wp:featuredmedia":[{"embeddable":true,"href":"https:\/\/donnacolombia.com\/index.php\/wp-json\/wp\/v2\/media\/26230"}],"wp:attachment":[{"href":"https:\/\/donnacolombia.com\/index.php\/wp-json\/wp\/v2\/media?parent=26229"}],"wp:term":[{"taxonomy":"product_brand","embeddable":true,"href":"https:\/\/donnacolombia.com\/index.php\/wp-json\/wp\/v2\/product_brand?post=26229"},{"taxonomy":"product_cat","embeddable":true,"href":"https:\/\/donnacolombia.com\/index.php\/wp-json\/wp\/v2\/product_cat?post=26229"},{"taxonomy":"product_tag","embeddable":true,"href":"https:\/\/donnacolombia.com\/index.php\/wp-json\/wp\/v2\/product_tag?post=26229"}],"curies":[{"name":"wp","href":"https:\/\/api.w.org\/{rel}","templated":true}]}}