{"id":26034,"date":"2026-01-22T22:35:13","date_gmt":"2026-01-22T21:35:13","guid":{"rendered":"https:\/\/donnacolombia.com\/?post_type=product&#038;p=26034"},"modified":"2026-03-14T22:30:59","modified_gmt":"2026-03-14T21:30:59","slug":"sandalia-mujer-tacon-7-cm-vizzano-2","status":"publish","type":"product","link":"https:\/\/donnacolombia.com\/index.php\/producto\/sandalia-mujer-tacon-7-cm-vizzano-2\/","title":{"rendered":"Sandalia mujer tac\u00f3n 7 cm &#8211; Vizzano"},"content":{"rendered":"<p>Eleva tu estilo con estas sofisticadas sandalias de tac\u00f3n fino tipo copa, dise\u00f1adas con una elegante estructura de m\u00faltiples tiras delgadas que abrazan el pie con delicadeza. Su moderna punta cuadrada y el acabado en negro satinado aportan un aire de alta costura, ideal para eventos de gala o noches inolvidables. Gracias a su dise\u00f1o minimalista y femenino, son el complemento perfecto para estilizar tu figura con un toque de lujo y vanguardia.<\/p>\n","protected":false},"excerpt":{"rendered":"<p>Eleva tu estilo con estas sofisticadas sandalias de tac\u00f3n fino tipo copa, dise\u00f1adas con una elegante estructura de m\u00faltiples tiras delgadas que abrazan el pie con delicadeza. Su moderna punta cuadrada y el acabado en negro satinado aportan un aire de alta costura, ideal para eventos de gala o noches inolvidables. Gracias a su dise\u00f1o [&#8230;]\n","protected":false},"featured_media":26035,"template":"","meta":[],"product_brand":[],"product_cat":[573],"product_tag":[],"class_list":{"0":"post-26034","1":"product","2":"type-product","3":"status-publish","4":"has-post-thumbnail","6":"product_cat-ofertas","7":"pa_color-negro","8":"pa_talla-del-calzado-578","9":"pa_talla-del-calzado-582","11":"first","12":"instock","13":"sale","14":"shipping-taxable","15":"purchasable","16":"product-type-variable"},"yoast_head":"<!-- This site is optimized with the Yoast SEO Premium plugin v26.2 (Yoast SEO v27.4) - https:\/\/yoast.com\/product\/yoast-seo-premium-wordpress\/ -->\n<title>Sandalia mujer tac\u00f3n 7 cm - Vizzano<\/title>\n<meta name=\"description\" content=\"Eleva tu estilo con estas sofisticadas sandalias de tac\u00f3n fino tipo copa, dise\u00f1adas con una elegante estructura de m\u00faltiples tiras delgadas\" \/>\n<meta name=\"robots\" content=\"index, follow, max-snippet:-1, max-image-preview:large, max-video-preview:-1\" \/>\n<link rel=\"canonical\" href=\"https:\/\/donnacolombia.com\/index.php\/producto\/sandalia-mujer-tacon-7-cm-vizzano-2\/\" \/>\n<meta property=\"og:locale\" content=\"es_ES\" \/>\n<meta property=\"og:type\" content=\"article\" \/>\n<meta property=\"og:title\" content=\"Sandalia mujer tac\u00f3n 7 cm - Vizzano\" \/>\n<meta property=\"og:description\" content=\"Eleva tu estilo con estas sofisticadas sandalias de tac\u00f3n fino tipo copa, dise\u00f1adas con una elegante estructura de m\u00faltiples tiras delgadas\" \/>\n<meta property=\"og:url\" content=\"https:\/\/donnacolombia.com\/index.php\/producto\/sandalia-mujer-tacon-7-cm-vizzano-2\/\" \/>\n<meta property=\"og:site_name\" content=\"Donna Colombia\" \/>\n<meta property=\"article:modified_time\" content=\"2026-03-14T21:30:59+00:00\" \/>\n<meta property=\"og:image\" content=\"https:\/\/donnacolombia.com\/wp-content\/uploads\/2026\/01\/Diseno-sin-titulo-60-scaled.jpg\" \/>\n\t<meta property=\"og:image:width\" content=\"2560\" \/>\n\t<meta property=\"og:image:height\" content=\"2560\" \/>\n\t<meta property=\"og:image:type\" content=\"image\/jpeg\" \/>\n<meta name=\"twitter:card\" content=\"summary_large_image\" \/>\n<meta name=\"twitter:label1\" content=\"Tiempo de lectura\" \/>\n\t<meta name=\"twitter:data1\" content=\"1 minuto\" \/>\n<script type=\"application\/ld+json\" class=\"yoast-schema-graph\">{\"@context\":\"https:\\\/\\\/schema.org\",\"@graph\":[{\"@type\":\"WebPage\",\"@id\":\"https:\\\/\\\/donnacolombia.com\\\/index.php\\\/producto\\\/sandalia-mujer-tacon-7-cm-vizzano-2\\\/\",\"url\":\"https:\\\/\\\/donnacolombia.com\\\/index.php\\\/producto\\\/sandalia-mujer-tacon-7-cm-vizzano-2\\\/\",\"name\":\"Sandalia mujer tac\u00f3n 7 cm - Vizzano\",\"isPartOf\":{\"@id\":\"https:\\\/\\\/donnacolombia.com\\\/#website\"},\"primaryImageOfPage\":{\"@id\":\"https:\\\/\\\/donnacolombia.com\\\/index.php\\\/producto\\\/sandalia-mujer-tacon-7-cm-vizzano-2\\\/#primaryimage\"},\"image\":{\"@id\":\"https:\\\/\\\/donnacolombia.com\\\/index.php\\\/producto\\\/sandalia-mujer-tacon-7-cm-vizzano-2\\\/#primaryimage\"},\"thumbnailUrl\":\"https:\\\/\\\/donnacolombia.com\\\/wp-content\\\/uploads\\\/2026\\\/01\\\/Diseno-sin-titulo-60-scaled.jpg\",\"datePublished\":\"2026-01-22T21:35:13+00:00\",\"dateModified\":\"2026-03-14T21:30:59+00:00\",\"description\":\"Eleva tu estilo con estas sofisticadas sandalias de tac\u00f3n fino tipo copa, dise\u00f1adas con una elegante estructura de m\u00faltiples tiras delgadas\",\"breadcrumb\":{\"@id\":\"https:\\\/\\\/donnacolombia.com\\\/index.php\\\/producto\\\/sandalia-mujer-tacon-7-cm-vizzano-2\\\/#breadcrumb\"},\"inLanguage\":\"es\",\"potentialAction\":[{\"@type\":\"ReadAction\",\"target\":[\"https:\\\/\\\/donnacolombia.com\\\/index.php\\\/producto\\\/sandalia-mujer-tacon-7-cm-vizzano-2\\\/\"]}]},{\"@type\":\"ImageObject\",\"inLanguage\":\"es\",\"@id\":\"https:\\\/\\\/donnacolombia.com\\\/index.php\\\/producto\\\/sandalia-mujer-tacon-7-cm-vizzano-2\\\/#primaryimage\",\"url\":\"https:\\\/\\\/donnacolombia.com\\\/wp-content\\\/uploads\\\/2026\\\/01\\\/Diseno-sin-titulo-60-scaled.jpg\",\"contentUrl\":\"https:\\\/\\\/donnacolombia.com\\\/wp-content\\\/uploads\\\/2026\\\/01\\\/Diseno-sin-titulo-60-scaled.jpg\",\"width\":2560,\"height\":2560},{\"@type\":\"BreadcrumbList\",\"@id\":\"https:\\\/\\\/donnacolombia.com\\\/index.php\\\/producto\\\/sandalia-mujer-tacon-7-cm-vizzano-2\\\/#breadcrumb\",\"itemListElement\":[{\"@type\":\"ListItem\",\"position\":1,\"name\":\"Portada\",\"item\":\"https:\\\/\\\/donnacolombia.com\\\/\"},{\"@type\":\"ListItem\",\"position\":2,\"name\":\"Tienda\",\"item\":\"https:\\\/\\\/donnacolombia.com\\\/index.php\\\/tienda\\\/\"},{\"@type\":\"ListItem\",\"position\":3,\"name\":\"Sandalia mujer tac\u00f3n 7 cm &#8211; Vizzano\"}]},{\"@type\":\"WebSite\",\"@id\":\"https:\\\/\\\/donnacolombia.com\\\/#website\",\"url\":\"https:\\\/\\\/donnacolombia.com\\\/\",\"name\":\"Donna Colombia\",\"description\":\"Calzado para dama\",\"publisher\":{\"@id\":\"https:\\\/\\\/donnacolombia.com\\\/#organization\"},\"potentialAction\":[{\"@type\":\"SearchAction\",\"target\":{\"@type\":\"EntryPoint\",\"urlTemplate\":\"https:\\\/\\\/donnacolombia.com\\\/?s={search_term_string}\"},\"query-input\":{\"@type\":\"PropertyValueSpecification\",\"valueRequired\":true,\"valueName\":\"search_term_string\"}}],\"inLanguage\":\"es\"},{\"@type\":\"Organization\",\"@id\":\"https:\\\/\\\/donnacolombia.com\\\/#organization\",\"name\":\"Donna Colombia\",\"url\":\"https:\\\/\\\/donnacolombia.com\\\/\",\"logo\":{\"@type\":\"ImageObject\",\"inLanguage\":\"es\",\"@id\":\"https:\\\/\\\/donnacolombia.com\\\/#\\\/schema\\\/logo\\\/image\\\/\",\"url\":\"https:\\\/\\\/donnacolombia.com\\\/wp-content\\\/uploads\\\/2025\\\/12\\\/cropped-LOGO-512.webp\",\"contentUrl\":\"https:\\\/\\\/donnacolombia.com\\\/wp-content\\\/uploads\\\/2025\\\/12\\\/cropped-LOGO-512.webp\",\"width\":512,\"height\":512,\"caption\":\"Donna Colombia\"},\"image\":{\"@id\":\"https:\\\/\\\/donnacolombia.com\\\/#\\\/schema\\\/logo\\\/image\\\/\"}}]}<\/script>\n<!-- \/ Yoast SEO Premium plugin. -->","yoast_head_json":{"title":"Sandalia mujer tac\u00f3n 7 cm - Vizzano","description":"Eleva tu estilo con estas sofisticadas sandalias de tac\u00f3n fino tipo copa, dise\u00f1adas con una elegante estructura de m\u00faltiples tiras delgadas","robots":{"index":"index","follow":"follow","max-snippet":"max-snippet:-1","max-image-preview":"max-image-preview:large","max-video-preview":"max-video-preview:-1"},"canonical":"https:\/\/donnacolombia.com\/index.php\/producto\/sandalia-mujer-tacon-7-cm-vizzano-2\/","og_locale":"es_ES","og_type":"article","og_title":"Sandalia mujer tac\u00f3n 7 cm - Vizzano","og_description":"Eleva tu estilo con estas sofisticadas sandalias de tac\u00f3n fino tipo copa, dise\u00f1adas con una elegante estructura de m\u00faltiples tiras delgadas","og_url":"https:\/\/donnacolombia.com\/index.php\/producto\/sandalia-mujer-tacon-7-cm-vizzano-2\/","og_site_name":"Donna Colombia","article_modified_time":"2026-03-14T21:30:59+00:00","og_image":[{"width":2560,"height":2560,"url":"https:\/\/donnacolombia.com\/wp-content\/uploads\/2026\/01\/Diseno-sin-titulo-60-scaled.jpg","type":"image\/jpeg"}],"twitter_card":"summary_large_image","twitter_misc":{"Tiempo de lectura":"1 minuto"},"schema":{"@context":"https:\/\/schema.org","@graph":[{"@type":"WebPage","@id":"https:\/\/donnacolombia.com\/index.php\/producto\/sandalia-mujer-tacon-7-cm-vizzano-2\/","url":"https:\/\/donnacolombia.com\/index.php\/producto\/sandalia-mujer-tacon-7-cm-vizzano-2\/","name":"Sandalia mujer tac\u00f3n 7 cm - Vizzano","isPartOf":{"@id":"https:\/\/donnacolombia.com\/#website"},"primaryImageOfPage":{"@id":"https:\/\/donnacolombia.com\/index.php\/producto\/sandalia-mujer-tacon-7-cm-vizzano-2\/#primaryimage"},"image":{"@id":"https:\/\/donnacolombia.com\/index.php\/producto\/sandalia-mujer-tacon-7-cm-vizzano-2\/#primaryimage"},"thumbnailUrl":"https:\/\/donnacolombia.com\/wp-content\/uploads\/2026\/01\/Diseno-sin-titulo-60-scaled.jpg","datePublished":"2026-01-22T21:35:13+00:00","dateModified":"2026-03-14T21:30:59+00:00","description":"Eleva tu estilo con estas sofisticadas sandalias de tac\u00f3n fino tipo copa, dise\u00f1adas con una elegante estructura de m\u00faltiples tiras delgadas","breadcrumb":{"@id":"https:\/\/donnacolombia.com\/index.php\/producto\/sandalia-mujer-tacon-7-cm-vizzano-2\/#breadcrumb"},"inLanguage":"es","potentialAction":[{"@type":"ReadAction","target":["https:\/\/donnacolombia.com\/index.php\/producto\/sandalia-mujer-tacon-7-cm-vizzano-2\/"]}]},{"@type":"ImageObject","inLanguage":"es","@id":"https:\/\/donnacolombia.com\/index.php\/producto\/sandalia-mujer-tacon-7-cm-vizzano-2\/#primaryimage","url":"https:\/\/donnacolombia.com\/wp-content\/uploads\/2026\/01\/Diseno-sin-titulo-60-scaled.jpg","contentUrl":"https:\/\/donnacolombia.com\/wp-content\/uploads\/2026\/01\/Diseno-sin-titulo-60-scaled.jpg","width":2560,"height":2560},{"@type":"BreadcrumbList","@id":"https:\/\/donnacolombia.com\/index.php\/producto\/sandalia-mujer-tacon-7-cm-vizzano-2\/#breadcrumb","itemListElement":[{"@type":"ListItem","position":1,"name":"Portada","item":"https:\/\/donnacolombia.com\/"},{"@type":"ListItem","position":2,"name":"Tienda","item":"https:\/\/donnacolombia.com\/index.php\/tienda\/"},{"@type":"ListItem","position":3,"name":"Sandalia mujer tac\u00f3n 7 cm &#8211; Vizzano"}]},{"@type":"WebSite","@id":"https:\/\/donnacolombia.com\/#website","url":"https:\/\/donnacolombia.com\/","name":"Donna Colombia","description":"Calzado para dama","publisher":{"@id":"https:\/\/donnacolombia.com\/#organization"},"potentialAction":[{"@type":"SearchAction","target":{"@type":"EntryPoint","urlTemplate":"https:\/\/donnacolombia.com\/?s={search_term_string}"},"query-input":{"@type":"PropertyValueSpecification","valueRequired":true,"valueName":"search_term_string"}}],"inLanguage":"es"},{"@type":"Organization","@id":"https:\/\/donnacolombia.com\/#organization","name":"Donna Colombia","url":"https:\/\/donnacolombia.com\/","logo":{"@type":"ImageObject","inLanguage":"es","@id":"https:\/\/donnacolombia.com\/#\/schema\/logo\/image\/","url":"https:\/\/donnacolombia.com\/wp-content\/uploads\/2025\/12\/cropped-LOGO-512.webp","contentUrl":"https:\/\/donnacolombia.com\/wp-content\/uploads\/2025\/12\/cropped-LOGO-512.webp","width":512,"height":512,"caption":"Donna Colombia"},"image":{"@id":"https:\/\/donnacolombia.com\/#\/schema\/logo\/image\/"}}]}},"_links":{"self":[{"href":"https:\/\/donnacolombia.com\/index.php\/wp-json\/wp\/v2\/product\/26034","targetHints":{"allow":["GET"]}}],"collection":[{"href":"https:\/\/donnacolombia.com\/index.php\/wp-json\/wp\/v2\/product"}],"about":[{"href":"https:\/\/donnacolombia.com\/index.php\/wp-json\/wp\/v2\/types\/product"}],"wp:featuredmedia":[{"embeddable":true,"href":"https:\/\/donnacolombia.com\/index.php\/wp-json\/wp\/v2\/media\/26035"}],"wp:attachment":[{"href":"https:\/\/donnacolombia.com\/index.php\/wp-json\/wp\/v2\/media?parent=26034"}],"wp:term":[{"taxonomy":"product_brand","embeddable":true,"href":"https:\/\/donnacolombia.com\/index.php\/wp-json\/wp\/v2\/product_brand?post=26034"},{"taxonomy":"product_cat","embeddable":true,"href":"https:\/\/donnacolombia.com\/index.php\/wp-json\/wp\/v2\/product_cat?post=26034"},{"taxonomy":"product_tag","embeddable":true,"href":"https:\/\/donnacolombia.com\/index.php\/wp-json\/wp\/v2\/product_tag?post=26034"}],"curies":[{"name":"wp","href":"https:\/\/api.w.org\/{rel}","templated":true}]}}