{"id":24590,"date":"2025-12-05T19:47:14","date_gmt":"2025-12-05T18:47:14","guid":{"rendered":"https:\/\/donnacolombia.com\/?post_type=product&#038;p=24590"},"modified":"2026-03-14T17:45:31","modified_gmt":"2026-03-14T16:45:31","slug":"stiletto-tacon-2-cm-destalonado-3","status":"publish","type":"product","link":"https:\/\/donnacolombia.com\/index.php\/producto\/stiletto-tacon-2-cm-destalonado-3\/","title":{"rendered":"Stiletto mujer tac\u00f3n 2 cm destalonado &#8211; Vizzano"},"content":{"rendered":"<p>Descubre la comodidad y el estilo vintage con este stiletto de tac\u00f3n bajo en color blanco off, fabricado en sint\u00e9tico brasilero de la l\u00ednea vizzano. Su kitten heel de solo 2 cm ofrece el soporte ideal para el uso diario sin sacrificar la elegancia. Un calzado cl\u00e1sico de punta afilada, perfecto para un look profesional y c\u00f3modo.<\/p>\n","protected":false},"excerpt":{"rendered":"<p>Descubre la comodidad y el estilo vintage con este stiletto de tac\u00f3n bajo en color blanco off, fabricado en sint\u00e9tico brasilero de la l\u00ednea vizzano. Su kitten heel de solo 2 cm ofrece el soporte ideal para el uso diario sin sacrificar la elegancia. Un calzado cl\u00e1sico de punta afilada, perfecto para un look profesional [&#8230;]\n","protected":false},"featured_media":24620,"template":"","meta":[],"product_brand":[],"product_cat":[573],"product_tag":[],"class_list":{"0":"post-24590","1":"product","2":"type-product","3":"status-publish","4":"has-post-thumbnail","6":"product_cat-ofertas","7":"pa_color-blanco-off","8":"pa_color-gris","9":"pa_talla-del-calzado-583","11":"first","12":"instock","13":"sale","14":"shipping-taxable","15":"purchasable","16":"product-type-variable"},"yoast_head":"<!-- This site is optimized with the Yoast SEO Premium plugin v26.2 (Yoast SEO v27.4) - https:\/\/yoast.com\/product\/yoast-seo-premium-wordpress\/ -->\n<title>Stiletto mujer tac\u00f3n 2 cm destalonado - Vizzano<\/title>\n<meta name=\"description\" content=\"DONNA es la empresa de calzado que se gan\u00f3 el coraz\u00f3n de las mujeres en Colombia. \u00a1Compra ahora mismo! \ud83e\udd29 Env\u00edos r\u00e1pidos y seguros\" \/>\n<meta name=\"robots\" content=\"index, follow, max-snippet:-1, max-image-preview:large, max-video-preview:-1\" \/>\n<link rel=\"canonical\" href=\"https:\/\/donnacolombia.com\/index.php\/producto\/stiletto-tacon-2-cm-destalonado-3\/\" \/>\n<meta property=\"og:locale\" content=\"es_ES\" \/>\n<meta property=\"og:type\" content=\"article\" \/>\n<meta property=\"og:title\" content=\"Stiletto mujer tac\u00f3n 2 cm destalonado - Vizzano\" \/>\n<meta property=\"og:description\" content=\"DONNA es la empresa de calzado que se gan\u00f3 el coraz\u00f3n de las mujeres en Colombia. \u00a1Compra ahora mismo! \ud83e\udd29 Env\u00edos r\u00e1pidos y seguros\" \/>\n<meta property=\"og:url\" content=\"https:\/\/donnacolombia.com\/index.php\/producto\/stiletto-tacon-2-cm-destalonado-3\/\" \/>\n<meta property=\"og:site_name\" content=\"Donna Colombia\" \/>\n<meta property=\"article:modified_time\" content=\"2026-03-14T16:45:31+00:00\" \/>\n<meta property=\"og:image\" content=\"https:\/\/donnacolombia.com\/wp-content\/uploads\/2025\/12\/BLANCO20OFF201441-104-7286-353121-1.webp\" \/>\n\t<meta property=\"og:image:width\" content=\"1024\" \/>\n\t<meta property=\"og:image:height\" content=\"1024\" \/>\n\t<meta property=\"og:image:type\" content=\"image\/webp\" \/>\n<meta name=\"twitter:card\" content=\"summary_large_image\" \/>\n<meta name=\"twitter:label1\" content=\"Tiempo de lectura\" \/>\n\t<meta name=\"twitter:data1\" content=\"1 minuto\" \/>\n<script type=\"application\/ld+json\" class=\"yoast-schema-graph\">{\"@context\":\"https:\\\/\\\/schema.org\",\"@graph\":[{\"@type\":\"WebPage\",\"@id\":\"https:\\\/\\\/donnacolombia.com\\\/index.php\\\/producto\\\/stiletto-tacon-2-cm-destalonado-3\\\/\",\"url\":\"https:\\\/\\\/donnacolombia.com\\\/index.php\\\/producto\\\/stiletto-tacon-2-cm-destalonado-3\\\/\",\"name\":\"Stiletto mujer tac\u00f3n 2 cm destalonado - Vizzano\",\"isPartOf\":{\"@id\":\"https:\\\/\\\/donnacolombia.com\\\/#website\"},\"primaryImageOfPage\":{\"@id\":\"https:\\\/\\\/donnacolombia.com\\\/index.php\\\/producto\\\/stiletto-tacon-2-cm-destalonado-3\\\/#primaryimage\"},\"image\":{\"@id\":\"https:\\\/\\\/donnacolombia.com\\\/index.php\\\/producto\\\/stiletto-tacon-2-cm-destalonado-3\\\/#primaryimage\"},\"thumbnailUrl\":\"https:\\\/\\\/donnacolombia.com\\\/wp-content\\\/uploads\\\/2025\\\/12\\\/BLANCO20OFF201441-104-7286-353121-1.webp\",\"datePublished\":\"2025-12-05T18:47:14+00:00\",\"dateModified\":\"2026-03-14T16:45:31+00:00\",\"description\":\"DONNA es la empresa de calzado que se gan\u00f3 el coraz\u00f3n de las mujeres en Colombia. \u00a1Compra ahora mismo! \ud83e\udd29 Env\u00edos r\u00e1pidos y seguros\",\"breadcrumb\":{\"@id\":\"https:\\\/\\\/donnacolombia.com\\\/index.php\\\/producto\\\/stiletto-tacon-2-cm-destalonado-3\\\/#breadcrumb\"},\"inLanguage\":\"es\",\"potentialAction\":[{\"@type\":\"ReadAction\",\"target\":[\"https:\\\/\\\/donnacolombia.com\\\/index.php\\\/producto\\\/stiletto-tacon-2-cm-destalonado-3\\\/\"]}]},{\"@type\":\"ImageObject\",\"inLanguage\":\"es\",\"@id\":\"https:\\\/\\\/donnacolombia.com\\\/index.php\\\/producto\\\/stiletto-tacon-2-cm-destalonado-3\\\/#primaryimage\",\"url\":\"https:\\\/\\\/donnacolombia.com\\\/wp-content\\\/uploads\\\/2025\\\/12\\\/BLANCO20OFF201441-104-7286-353121-1.webp\",\"contentUrl\":\"https:\\\/\\\/donnacolombia.com\\\/wp-content\\\/uploads\\\/2025\\\/12\\\/BLANCO20OFF201441-104-7286-353121-1.webp\",\"width\":1024,\"height\":1024},{\"@type\":\"BreadcrumbList\",\"@id\":\"https:\\\/\\\/donnacolombia.com\\\/index.php\\\/producto\\\/stiletto-tacon-2-cm-destalonado-3\\\/#breadcrumb\",\"itemListElement\":[{\"@type\":\"ListItem\",\"position\":1,\"name\":\"Portada\",\"item\":\"https:\\\/\\\/donnacolombia.com\\\/\"},{\"@type\":\"ListItem\",\"position\":2,\"name\":\"Tienda\",\"item\":\"https:\\\/\\\/donnacolombia.com\\\/index.php\\\/tienda\\\/\"},{\"@type\":\"ListItem\",\"position\":3,\"name\":\"Stiletto mujer tac\u00f3n 2 cm destalonado &#8211; Vizzano\"}]},{\"@type\":\"WebSite\",\"@id\":\"https:\\\/\\\/donnacolombia.com\\\/#website\",\"url\":\"https:\\\/\\\/donnacolombia.com\\\/\",\"name\":\"Donna Colombia\",\"description\":\"Calzado para dama\",\"publisher\":{\"@id\":\"https:\\\/\\\/donnacolombia.com\\\/#organization\"},\"potentialAction\":[{\"@type\":\"SearchAction\",\"target\":{\"@type\":\"EntryPoint\",\"urlTemplate\":\"https:\\\/\\\/donnacolombia.com\\\/?s={search_term_string}\"},\"query-input\":{\"@type\":\"PropertyValueSpecification\",\"valueRequired\":true,\"valueName\":\"search_term_string\"}}],\"inLanguage\":\"es\"},{\"@type\":\"Organization\",\"@id\":\"https:\\\/\\\/donnacolombia.com\\\/#organization\",\"name\":\"Donna Colombia\",\"url\":\"https:\\\/\\\/donnacolombia.com\\\/\",\"logo\":{\"@type\":\"ImageObject\",\"inLanguage\":\"es\",\"@id\":\"https:\\\/\\\/donnacolombia.com\\\/#\\\/schema\\\/logo\\\/image\\\/\",\"url\":\"https:\\\/\\\/donnacolombia.com\\\/wp-content\\\/uploads\\\/2025\\\/12\\\/cropped-LOGO-512.webp\",\"contentUrl\":\"https:\\\/\\\/donnacolombia.com\\\/wp-content\\\/uploads\\\/2025\\\/12\\\/cropped-LOGO-512.webp\",\"width\":512,\"height\":512,\"caption\":\"Donna Colombia\"},\"image\":{\"@id\":\"https:\\\/\\\/donnacolombia.com\\\/#\\\/schema\\\/logo\\\/image\\\/\"}}]}<\/script>\n<!-- \/ Yoast SEO Premium plugin. -->","yoast_head_json":{"title":"Stiletto mujer tac\u00f3n 2 cm destalonado - Vizzano","description":"DONNA es la empresa de calzado que se gan\u00f3 el coraz\u00f3n de las mujeres en Colombia. \u00a1Compra ahora mismo! \ud83e\udd29 Env\u00edos r\u00e1pidos y seguros","robots":{"index":"index","follow":"follow","max-snippet":"max-snippet:-1","max-image-preview":"max-image-preview:large","max-video-preview":"max-video-preview:-1"},"canonical":"https:\/\/donnacolombia.com\/index.php\/producto\/stiletto-tacon-2-cm-destalonado-3\/","og_locale":"es_ES","og_type":"article","og_title":"Stiletto mujer tac\u00f3n 2 cm destalonado - Vizzano","og_description":"DONNA es la empresa de calzado que se gan\u00f3 el coraz\u00f3n de las mujeres en Colombia. \u00a1Compra ahora mismo! \ud83e\udd29 Env\u00edos r\u00e1pidos y seguros","og_url":"https:\/\/donnacolombia.com\/index.php\/producto\/stiletto-tacon-2-cm-destalonado-3\/","og_site_name":"Donna Colombia","article_modified_time":"2026-03-14T16:45:31+00:00","og_image":[{"width":1024,"height":1024,"url":"https:\/\/donnacolombia.com\/wp-content\/uploads\/2025\/12\/BLANCO20OFF201441-104-7286-353121-1.webp","type":"image\/webp"}],"twitter_card":"summary_large_image","twitter_misc":{"Tiempo de lectura":"1 minuto"},"schema":{"@context":"https:\/\/schema.org","@graph":[{"@type":"WebPage","@id":"https:\/\/donnacolombia.com\/index.php\/producto\/stiletto-tacon-2-cm-destalonado-3\/","url":"https:\/\/donnacolombia.com\/index.php\/producto\/stiletto-tacon-2-cm-destalonado-3\/","name":"Stiletto mujer tac\u00f3n 2 cm destalonado - Vizzano","isPartOf":{"@id":"https:\/\/donnacolombia.com\/#website"},"primaryImageOfPage":{"@id":"https:\/\/donnacolombia.com\/index.php\/producto\/stiletto-tacon-2-cm-destalonado-3\/#primaryimage"},"image":{"@id":"https:\/\/donnacolombia.com\/index.php\/producto\/stiletto-tacon-2-cm-destalonado-3\/#primaryimage"},"thumbnailUrl":"https:\/\/donnacolombia.com\/wp-content\/uploads\/2025\/12\/BLANCO20OFF201441-104-7286-353121-1.webp","datePublished":"2025-12-05T18:47:14+00:00","dateModified":"2026-03-14T16:45:31+00:00","description":"DONNA es la empresa de calzado que se gan\u00f3 el coraz\u00f3n de las mujeres en Colombia. \u00a1Compra ahora mismo! \ud83e\udd29 Env\u00edos r\u00e1pidos y seguros","breadcrumb":{"@id":"https:\/\/donnacolombia.com\/index.php\/producto\/stiletto-tacon-2-cm-destalonado-3\/#breadcrumb"},"inLanguage":"es","potentialAction":[{"@type":"ReadAction","target":["https:\/\/donnacolombia.com\/index.php\/producto\/stiletto-tacon-2-cm-destalonado-3\/"]}]},{"@type":"ImageObject","inLanguage":"es","@id":"https:\/\/donnacolombia.com\/index.php\/producto\/stiletto-tacon-2-cm-destalonado-3\/#primaryimage","url":"https:\/\/donnacolombia.com\/wp-content\/uploads\/2025\/12\/BLANCO20OFF201441-104-7286-353121-1.webp","contentUrl":"https:\/\/donnacolombia.com\/wp-content\/uploads\/2025\/12\/BLANCO20OFF201441-104-7286-353121-1.webp","width":1024,"height":1024},{"@type":"BreadcrumbList","@id":"https:\/\/donnacolombia.com\/index.php\/producto\/stiletto-tacon-2-cm-destalonado-3\/#breadcrumb","itemListElement":[{"@type":"ListItem","position":1,"name":"Portada","item":"https:\/\/donnacolombia.com\/"},{"@type":"ListItem","position":2,"name":"Tienda","item":"https:\/\/donnacolombia.com\/index.php\/tienda\/"},{"@type":"ListItem","position":3,"name":"Stiletto mujer tac\u00f3n 2 cm destalonado &#8211; Vizzano"}]},{"@type":"WebSite","@id":"https:\/\/donnacolombia.com\/#website","url":"https:\/\/donnacolombia.com\/","name":"Donna Colombia","description":"Calzado para dama","publisher":{"@id":"https:\/\/donnacolombia.com\/#organization"},"potentialAction":[{"@type":"SearchAction","target":{"@type":"EntryPoint","urlTemplate":"https:\/\/donnacolombia.com\/?s={search_term_string}"},"query-input":{"@type":"PropertyValueSpecification","valueRequired":true,"valueName":"search_term_string"}}],"inLanguage":"es"},{"@type":"Organization","@id":"https:\/\/donnacolombia.com\/#organization","name":"Donna Colombia","url":"https:\/\/donnacolombia.com\/","logo":{"@type":"ImageObject","inLanguage":"es","@id":"https:\/\/donnacolombia.com\/#\/schema\/logo\/image\/","url":"https:\/\/donnacolombia.com\/wp-content\/uploads\/2025\/12\/cropped-LOGO-512.webp","contentUrl":"https:\/\/donnacolombia.com\/wp-content\/uploads\/2025\/12\/cropped-LOGO-512.webp","width":512,"height":512,"caption":"Donna Colombia"},"image":{"@id":"https:\/\/donnacolombia.com\/#\/schema\/logo\/image\/"}}]}},"_links":{"self":[{"href":"https:\/\/donnacolombia.com\/index.php\/wp-json\/wp\/v2\/product\/24590","targetHints":{"allow":["GET"]}}],"collection":[{"href":"https:\/\/donnacolombia.com\/index.php\/wp-json\/wp\/v2\/product"}],"about":[{"href":"https:\/\/donnacolombia.com\/index.php\/wp-json\/wp\/v2\/types\/product"}],"wp:featuredmedia":[{"embeddable":true,"href":"https:\/\/donnacolombia.com\/index.php\/wp-json\/wp\/v2\/media\/24620"}],"wp:attachment":[{"href":"https:\/\/donnacolombia.com\/index.php\/wp-json\/wp\/v2\/media?parent=24590"}],"wp:term":[{"taxonomy":"product_brand","embeddable":true,"href":"https:\/\/donnacolombia.com\/index.php\/wp-json\/wp\/v2\/product_brand?post=24590"},{"taxonomy":"product_cat","embeddable":true,"href":"https:\/\/donnacolombia.com\/index.php\/wp-json\/wp\/v2\/product_cat?post=24590"},{"taxonomy":"product_tag","embeddable":true,"href":"https:\/\/donnacolombia.com\/index.php\/wp-json\/wp\/v2\/product_tag?post=24590"}],"curies":[{"name":"wp","href":"https:\/\/api.w.org\/{rel}","templated":true}]}}