{"id":24528,"date":"2025-12-05T19:47:05","date_gmt":"2025-12-05T18:47:05","guid":{"rendered":"https:\/\/donnacolombia.com\/?post_type=product&#038;p=24528"},"modified":"2026-04-08T01:31:32","modified_gmt":"2026-04-07T23:31:32","slug":"stiletto-tacon-2-cm-cerrado","status":"publish","type":"product","link":"https:\/\/donnacolombia.com\/index.php\/producto\/stiletto-tacon-2-cm-cerrado\/","title":{"rendered":"Stiletto mujer tac\u00f3n 2 cm cerrado &#8211; Vizzano"},"content":{"rendered":"<p>A\u00f1ade un toque de sofisticaci\u00f3n neutra a tu vestuario con este stiletto Vizzano en color negro, fabricado en sint\u00e9tico brasilero de acabado liso. Su tac\u00f3n bajo de 3 cm brinda una altura c\u00f3moda y estable para el uso prolongado. Un dise\u00f1o cl\u00e1sico de punta afilada, ideal para complementar un look profesional y moderno.<\/p>\n","protected":false},"excerpt":{"rendered":"<p>A\u00f1ade un toque de sofisticaci\u00f3n neutra a tu vestuario con este stiletto Vizzano en color negro, fabricado en sint\u00e9tico brasilero de acabado liso. Su tac\u00f3n bajo de 3 cm brinda una altura c\u00f3moda y estable para el uso prolongado. Un dise\u00f1o cl\u00e1sico de punta afilada, ideal para complementar un look profesional y moderno.<\/p>\n","protected":false},"featured_media":24570,"template":"","meta":[],"product_brand":[],"product_cat":[573],"product_tag":[],"class_list":{"0":"post-24528","1":"product","2":"type-product","3":"status-publish","4":"has-post-thumbnail","6":"product_cat-ofertas","7":"pa_color-beige","8":"pa_color-gris","9":"pa_color-negro","10":"pa_color-rojo","11":"pa_talla-98","12":"pa_talla-101","13":"pa_talla-93","14":"pa_talla-94","16":"first","17":"instock","18":"sale","19":"shipping-taxable","20":"purchasable","21":"product-type-variable"},"yoast_head":"<!-- This site is optimized with the Yoast SEO Premium plugin v26.2 (Yoast SEO v27.4) - https:\/\/yoast.com\/product\/yoast-seo-premium-wordpress\/ -->\n<title>Stiletto mujer tac\u00f3n 2 cm cerrado - Vizzano - Donna Colombia<\/title>\n<meta name=\"robots\" content=\"index, follow, max-snippet:-1, max-image-preview:large, max-video-preview:-1\" \/>\n<link rel=\"canonical\" href=\"https:\/\/donnacolombia.com\/index.php\/producto\/stiletto-tacon-2-cm-cerrado\/\" \/>\n<meta property=\"og:locale\" content=\"es_ES\" \/>\n<meta property=\"og:type\" content=\"article\" \/>\n<meta property=\"og:title\" content=\"Stiletto mujer tac\u00f3n 2 cm cerrado - Vizzano\" \/>\n<meta property=\"og:description\" content=\"A\u00f1ade un toque de sofisticaci\u00f3n neutra a tu vestuario con este stiletto Vizzano en color negro, fabricado en sint\u00e9tico brasilero de acabado liso. Su tac\u00f3n bajo de 3 cm brinda una altura c\u00f3moda y estable para el uso prolongado. Un dise\u00f1o cl\u00e1sico de punta afilada, ideal para complementar un look profesional y moderno.\" \/>\n<meta property=\"og:url\" content=\"https:\/\/donnacolombia.com\/index.php\/producto\/stiletto-tacon-2-cm-cerrado\/\" \/>\n<meta property=\"og:site_name\" content=\"Donna Colombia\" \/>\n<meta property=\"article:modified_time\" content=\"2026-04-07T23:31:32+00:00\" \/>\n<meta property=\"og:image\" content=\"https:\/\/donnacolombia.com\/wp-content\/uploads\/2025\/12\/BEIGE201122-828-7286-29452-1.webp\" \/>\n\t<meta property=\"og:image:width\" content=\"1024\" \/>\n\t<meta property=\"og:image:height\" content=\"1024\" \/>\n\t<meta property=\"og:image:type\" content=\"image\/webp\" \/>\n<meta name=\"twitter:card\" content=\"summary_large_image\" \/>\n<meta name=\"twitter:label1\" content=\"Tiempo de lectura\" \/>\n\t<meta name=\"twitter:data1\" content=\"1 minuto\" \/>\n<script type=\"application\/ld+json\" class=\"yoast-schema-graph\">{\"@context\":\"https:\\\/\\\/schema.org\",\"@graph\":[{\"@type\":\"WebPage\",\"@id\":\"https:\\\/\\\/donnacolombia.com\\\/index.php\\\/producto\\\/stiletto-tacon-2-cm-cerrado\\\/\",\"url\":\"https:\\\/\\\/donnacolombia.com\\\/index.php\\\/producto\\\/stiletto-tacon-2-cm-cerrado\\\/\",\"name\":\"Stiletto mujer tac\u00f3n 2 cm cerrado - Vizzano - Donna Colombia\",\"isPartOf\":{\"@id\":\"https:\\\/\\\/donnacolombia.com\\\/#website\"},\"primaryImageOfPage\":{\"@id\":\"https:\\\/\\\/donnacolombia.com\\\/index.php\\\/producto\\\/stiletto-tacon-2-cm-cerrado\\\/#primaryimage\"},\"image\":{\"@id\":\"https:\\\/\\\/donnacolombia.com\\\/index.php\\\/producto\\\/stiletto-tacon-2-cm-cerrado\\\/#primaryimage\"},\"thumbnailUrl\":\"https:\\\/\\\/donnacolombia.com\\\/wp-content\\\/uploads\\\/2025\\\/12\\\/BEIGE201122-828-7286-29452-1.webp\",\"datePublished\":\"2025-12-05T18:47:05+00:00\",\"dateModified\":\"2026-04-07T23:31:32+00:00\",\"breadcrumb\":{\"@id\":\"https:\\\/\\\/donnacolombia.com\\\/index.php\\\/producto\\\/stiletto-tacon-2-cm-cerrado\\\/#breadcrumb\"},\"inLanguage\":\"es\",\"potentialAction\":[{\"@type\":\"ReadAction\",\"target\":[\"https:\\\/\\\/donnacolombia.com\\\/index.php\\\/producto\\\/stiletto-tacon-2-cm-cerrado\\\/\"]}]},{\"@type\":\"ImageObject\",\"inLanguage\":\"es\",\"@id\":\"https:\\\/\\\/donnacolombia.com\\\/index.php\\\/producto\\\/stiletto-tacon-2-cm-cerrado\\\/#primaryimage\",\"url\":\"https:\\\/\\\/donnacolombia.com\\\/wp-content\\\/uploads\\\/2025\\\/12\\\/BEIGE201122-828-7286-29452-1.webp\",\"contentUrl\":\"https:\\\/\\\/donnacolombia.com\\\/wp-content\\\/uploads\\\/2025\\\/12\\\/BEIGE201122-828-7286-29452-1.webp\",\"width\":1024,\"height\":1024},{\"@type\":\"BreadcrumbList\",\"@id\":\"https:\\\/\\\/donnacolombia.com\\\/index.php\\\/producto\\\/stiletto-tacon-2-cm-cerrado\\\/#breadcrumb\",\"itemListElement\":[{\"@type\":\"ListItem\",\"position\":1,\"name\":\"Portada\",\"item\":\"https:\\\/\\\/donnacolombia.com\\\/\"},{\"@type\":\"ListItem\",\"position\":2,\"name\":\"Tienda\",\"item\":\"https:\\\/\\\/donnacolombia.com\\\/index.php\\\/tienda\\\/\"},{\"@type\":\"ListItem\",\"position\":3,\"name\":\"Stiletto mujer tac\u00f3n 2 cm cerrado &#8211; Vizzano\"}]},{\"@type\":\"WebSite\",\"@id\":\"https:\\\/\\\/donnacolombia.com\\\/#website\",\"url\":\"https:\\\/\\\/donnacolombia.com\\\/\",\"name\":\"Donna Colombia\",\"description\":\"Calzado para dama\",\"publisher\":{\"@id\":\"https:\\\/\\\/donnacolombia.com\\\/#organization\"},\"potentialAction\":[{\"@type\":\"SearchAction\",\"target\":{\"@type\":\"EntryPoint\",\"urlTemplate\":\"https:\\\/\\\/donnacolombia.com\\\/?s={search_term_string}\"},\"query-input\":{\"@type\":\"PropertyValueSpecification\",\"valueRequired\":true,\"valueName\":\"search_term_string\"}}],\"inLanguage\":\"es\"},{\"@type\":\"Organization\",\"@id\":\"https:\\\/\\\/donnacolombia.com\\\/#organization\",\"name\":\"Donna Colombia\",\"url\":\"https:\\\/\\\/donnacolombia.com\\\/\",\"logo\":{\"@type\":\"ImageObject\",\"inLanguage\":\"es\",\"@id\":\"https:\\\/\\\/donnacolombia.com\\\/#\\\/schema\\\/logo\\\/image\\\/\",\"url\":\"https:\\\/\\\/donnacolombia.com\\\/wp-content\\\/uploads\\\/2025\\\/12\\\/cropped-LOGO-512.webp\",\"contentUrl\":\"https:\\\/\\\/donnacolombia.com\\\/wp-content\\\/uploads\\\/2025\\\/12\\\/cropped-LOGO-512.webp\",\"width\":512,\"height\":512,\"caption\":\"Donna Colombia\"},\"image\":{\"@id\":\"https:\\\/\\\/donnacolombia.com\\\/#\\\/schema\\\/logo\\\/image\\\/\"}}]}<\/script>\n<!-- \/ Yoast SEO Premium plugin. -->","yoast_head_json":{"title":"Stiletto mujer tac\u00f3n 2 cm cerrado - Vizzano - Donna Colombia","robots":{"index":"index","follow":"follow","max-snippet":"max-snippet:-1","max-image-preview":"max-image-preview:large","max-video-preview":"max-video-preview:-1"},"canonical":"https:\/\/donnacolombia.com\/index.php\/producto\/stiletto-tacon-2-cm-cerrado\/","og_locale":"es_ES","og_type":"article","og_title":"Stiletto mujer tac\u00f3n 2 cm cerrado - Vizzano","og_description":"A\u00f1ade un toque de sofisticaci\u00f3n neutra a tu vestuario con este stiletto Vizzano en color negro, fabricado en sint\u00e9tico brasilero de acabado liso. Su tac\u00f3n bajo de 3 cm brinda una altura c\u00f3moda y estable para el uso prolongado. Un dise\u00f1o cl\u00e1sico de punta afilada, ideal para complementar un look profesional y moderno.","og_url":"https:\/\/donnacolombia.com\/index.php\/producto\/stiletto-tacon-2-cm-cerrado\/","og_site_name":"Donna Colombia","article_modified_time":"2026-04-07T23:31:32+00:00","og_image":[{"width":1024,"height":1024,"url":"https:\/\/donnacolombia.com\/wp-content\/uploads\/2025\/12\/BEIGE201122-828-7286-29452-1.webp","type":"image\/webp"}],"twitter_card":"summary_large_image","twitter_misc":{"Tiempo de lectura":"1 minuto"},"schema":{"@context":"https:\/\/schema.org","@graph":[{"@type":"WebPage","@id":"https:\/\/donnacolombia.com\/index.php\/producto\/stiletto-tacon-2-cm-cerrado\/","url":"https:\/\/donnacolombia.com\/index.php\/producto\/stiletto-tacon-2-cm-cerrado\/","name":"Stiletto mujer tac\u00f3n 2 cm cerrado - Vizzano - Donna Colombia","isPartOf":{"@id":"https:\/\/donnacolombia.com\/#website"},"primaryImageOfPage":{"@id":"https:\/\/donnacolombia.com\/index.php\/producto\/stiletto-tacon-2-cm-cerrado\/#primaryimage"},"image":{"@id":"https:\/\/donnacolombia.com\/index.php\/producto\/stiletto-tacon-2-cm-cerrado\/#primaryimage"},"thumbnailUrl":"https:\/\/donnacolombia.com\/wp-content\/uploads\/2025\/12\/BEIGE201122-828-7286-29452-1.webp","datePublished":"2025-12-05T18:47:05+00:00","dateModified":"2026-04-07T23:31:32+00:00","breadcrumb":{"@id":"https:\/\/donnacolombia.com\/index.php\/producto\/stiletto-tacon-2-cm-cerrado\/#breadcrumb"},"inLanguage":"es","potentialAction":[{"@type":"ReadAction","target":["https:\/\/donnacolombia.com\/index.php\/producto\/stiletto-tacon-2-cm-cerrado\/"]}]},{"@type":"ImageObject","inLanguage":"es","@id":"https:\/\/donnacolombia.com\/index.php\/producto\/stiletto-tacon-2-cm-cerrado\/#primaryimage","url":"https:\/\/donnacolombia.com\/wp-content\/uploads\/2025\/12\/BEIGE201122-828-7286-29452-1.webp","contentUrl":"https:\/\/donnacolombia.com\/wp-content\/uploads\/2025\/12\/BEIGE201122-828-7286-29452-1.webp","width":1024,"height":1024},{"@type":"BreadcrumbList","@id":"https:\/\/donnacolombia.com\/index.php\/producto\/stiletto-tacon-2-cm-cerrado\/#breadcrumb","itemListElement":[{"@type":"ListItem","position":1,"name":"Portada","item":"https:\/\/donnacolombia.com\/"},{"@type":"ListItem","position":2,"name":"Tienda","item":"https:\/\/donnacolombia.com\/index.php\/tienda\/"},{"@type":"ListItem","position":3,"name":"Stiletto mujer tac\u00f3n 2 cm cerrado &#8211; Vizzano"}]},{"@type":"WebSite","@id":"https:\/\/donnacolombia.com\/#website","url":"https:\/\/donnacolombia.com\/","name":"Donna Colombia","description":"Calzado para dama","publisher":{"@id":"https:\/\/donnacolombia.com\/#organization"},"potentialAction":[{"@type":"SearchAction","target":{"@type":"EntryPoint","urlTemplate":"https:\/\/donnacolombia.com\/?s={search_term_string}"},"query-input":{"@type":"PropertyValueSpecification","valueRequired":true,"valueName":"search_term_string"}}],"inLanguage":"es"},{"@type":"Organization","@id":"https:\/\/donnacolombia.com\/#organization","name":"Donna Colombia","url":"https:\/\/donnacolombia.com\/","logo":{"@type":"ImageObject","inLanguage":"es","@id":"https:\/\/donnacolombia.com\/#\/schema\/logo\/image\/","url":"https:\/\/donnacolombia.com\/wp-content\/uploads\/2025\/12\/cropped-LOGO-512.webp","contentUrl":"https:\/\/donnacolombia.com\/wp-content\/uploads\/2025\/12\/cropped-LOGO-512.webp","width":512,"height":512,"caption":"Donna Colombia"},"image":{"@id":"https:\/\/donnacolombia.com\/#\/schema\/logo\/image\/"}}]}},"_links":{"self":[{"href":"https:\/\/donnacolombia.com\/index.php\/wp-json\/wp\/v2\/product\/24528","targetHints":{"allow":["GET"]}}],"collection":[{"href":"https:\/\/donnacolombia.com\/index.php\/wp-json\/wp\/v2\/product"}],"about":[{"href":"https:\/\/donnacolombia.com\/index.php\/wp-json\/wp\/v2\/types\/product"}],"wp:featuredmedia":[{"embeddable":true,"href":"https:\/\/donnacolombia.com\/index.php\/wp-json\/wp\/v2\/media\/24570"}],"wp:attachment":[{"href":"https:\/\/donnacolombia.com\/index.php\/wp-json\/wp\/v2\/media?parent=24528"}],"wp:term":[{"taxonomy":"product_brand","embeddable":true,"href":"https:\/\/donnacolombia.com\/index.php\/wp-json\/wp\/v2\/product_brand?post=24528"},{"taxonomy":"product_cat","embeddable":true,"href":"https:\/\/donnacolombia.com\/index.php\/wp-json\/wp\/v2\/product_cat?post=24528"},{"taxonomy":"product_tag","embeddable":true,"href":"https:\/\/donnacolombia.com\/index.php\/wp-json\/wp\/v2\/product_tag?post=24528"}],"curies":[{"name":"wp","href":"https:\/\/api.w.org\/{rel}","templated":true}]}}