{"id":23803,"date":"2025-12-05T19:45:33","date_gmt":"2025-12-05T18:45:33","guid":{"rendered":"https:\/\/donnacolombia.com\/?post_type=product&#038;p=23803"},"modified":"2026-05-02T00:34:19","modified_gmt":"2026-05-01T22:34:19","slug":"sandalia-tacon-6-cm-destalonada","status":"publish","type":"product","link":"https:\/\/donnacolombia.com\/index.php\/producto\/sandalia-tacon-6-cm-destalonada\/","title":{"rendered":"Sandalia mujer tac\u00f3n 6 cm destalonada &#8211; Vizzano"},"content":{"rendered":"<p>Descubre estas sandalias Vizzano en colores elegantes como lo son el verde luna y el blanco off , fabricadas en sint\u00e9tico brasilero para una calidad premium. El tac\u00f3n cuadrado de 6 cm proporciona estabilidad y la altura perfecta. Su dise\u00f1o destalonado y la pulsera al tobillo las hacen c\u00f3modas y vers\u00e1tiles, ideales para un look pulido y moderno.<\/p>\n","protected":false},"excerpt":{"rendered":"<p>Descubre estas sandalias Vizzano en colores elegantes como lo son el verde luna y el blanco off , fabricadas en sint\u00e9tico brasilero para una calidad premium. El tac\u00f3n cuadrado de 6 cm proporciona estabilidad y la altura perfecta. Su dise\u00f1o destalonado y la pulsera al tobillo las hacen c\u00f3modas y vers\u00e1tiles, ideales para un look [&#8230;]\n","protected":false},"featured_media":23845,"template":"","meta":[],"product_brand":[],"product_cat":[405],"product_tag":[],"class_list":{"0":"post-23803","1":"product","2":"type-product","3":"status-publish","4":"has-post-thumbnail","6":"product_cat-sandalia","7":"pa_color-blanco-off","8":"pa_color-verde-luna","9":"pa_talla-98","10":"pa_talla-103","11":"pa_talla-101","12":"pa_talla-92","13":"pa_talla-93","14":"pa_talla-94","16":"first","17":"instock","18":"shipping-taxable","19":"purchasable","20":"product-type-variable"},"yoast_head":"<!-- This site is optimized with the Yoast SEO Premium plugin v26.2 (Yoast SEO v27.4) - https:\/\/yoast.com\/product\/yoast-seo-premium-wordpress\/ -->\n<title>Sandalia mujer tac\u00f3n 6 cm destalonada - Vizzano - Donna Colombia<\/title>\n<meta name=\"robots\" content=\"index, follow, max-snippet:-1, max-image-preview:large, max-video-preview:-1\" \/>\n<link rel=\"canonical\" href=\"https:\/\/donnacolombia.com\/index.php\/producto\/sandalia-tacon-6-cm-destalonada\/\" \/>\n<meta property=\"og:locale\" content=\"es_ES\" \/>\n<meta property=\"og:type\" content=\"article\" \/>\n<meta property=\"og:title\" content=\"Sandalia mujer tac\u00f3n 6 cm destalonada - Vizzano\" \/>\n<meta property=\"og:description\" content=\"Descubre estas sandalias Vizzano en colores elegantes como lo son el verde luna y el blanco off , fabricadas en sint\u00e9tico brasilero para una calidad premium. El tac\u00f3n cuadrado de 6 cm proporciona estabilidad y la altura perfecta. Su dise\u00f1o destalonado y la pulsera al tobillo las hacen c\u00f3modas y vers\u00e1tiles, ideales para un look [...]\" \/>\n<meta property=\"og:url\" content=\"https:\/\/donnacolombia.com\/index.php\/producto\/sandalia-tacon-6-cm-destalonada\/\" \/>\n<meta property=\"og:site_name\" content=\"Donna Colombia\" \/>\n<meta property=\"article:modified_time\" content=\"2026-05-01T22:34:19+00:00\" \/>\n<meta property=\"og:image\" content=\"https:\/\/donnacolombia.com\/wp-content\/uploads\/2025\/12\/VERDE20LUNA206262-1035-30957-100983-1.webp\" \/>\n\t<meta property=\"og:image:width\" content=\"1024\" \/>\n\t<meta property=\"og:image:height\" content=\"1024\" \/>\n\t<meta property=\"og:image:type\" content=\"image\/webp\" \/>\n<meta name=\"twitter:card\" content=\"summary_large_image\" \/>\n<meta name=\"twitter:label1\" content=\"Tiempo de lectura\" \/>\n\t<meta name=\"twitter:data1\" content=\"1 minuto\" \/>\n<script type=\"application\/ld+json\" class=\"yoast-schema-graph\">{\"@context\":\"https:\\\/\\\/schema.org\",\"@graph\":[{\"@type\":\"WebPage\",\"@id\":\"https:\\\/\\\/donnacolombia.com\\\/index.php\\\/producto\\\/sandalia-tacon-6-cm-destalonada\\\/\",\"url\":\"https:\\\/\\\/donnacolombia.com\\\/index.php\\\/producto\\\/sandalia-tacon-6-cm-destalonada\\\/\",\"name\":\"Sandalia mujer tac\u00f3n 6 cm destalonada - Vizzano - Donna Colombia\",\"isPartOf\":{\"@id\":\"https:\\\/\\\/donnacolombia.com\\\/#website\"},\"primaryImageOfPage\":{\"@id\":\"https:\\\/\\\/donnacolombia.com\\\/index.php\\\/producto\\\/sandalia-tacon-6-cm-destalonada\\\/#primaryimage\"},\"image\":{\"@id\":\"https:\\\/\\\/donnacolombia.com\\\/index.php\\\/producto\\\/sandalia-tacon-6-cm-destalonada\\\/#primaryimage\"},\"thumbnailUrl\":\"https:\\\/\\\/donnacolombia.com\\\/wp-content\\\/uploads\\\/2025\\\/12\\\/VERDE20LUNA206262-1035-30957-100983-1.webp\",\"datePublished\":\"2025-12-05T18:45:33+00:00\",\"dateModified\":\"2026-05-01T22:34:19+00:00\",\"breadcrumb\":{\"@id\":\"https:\\\/\\\/donnacolombia.com\\\/index.php\\\/producto\\\/sandalia-tacon-6-cm-destalonada\\\/#breadcrumb\"},\"inLanguage\":\"es\",\"potentialAction\":[{\"@type\":\"ReadAction\",\"target\":[\"https:\\\/\\\/donnacolombia.com\\\/index.php\\\/producto\\\/sandalia-tacon-6-cm-destalonada\\\/\"]}]},{\"@type\":\"ImageObject\",\"inLanguage\":\"es\",\"@id\":\"https:\\\/\\\/donnacolombia.com\\\/index.php\\\/producto\\\/sandalia-tacon-6-cm-destalonada\\\/#primaryimage\",\"url\":\"https:\\\/\\\/donnacolombia.com\\\/wp-content\\\/uploads\\\/2025\\\/12\\\/VERDE20LUNA206262-1035-30957-100983-1.webp\",\"contentUrl\":\"https:\\\/\\\/donnacolombia.com\\\/wp-content\\\/uploads\\\/2025\\\/12\\\/VERDE20LUNA206262-1035-30957-100983-1.webp\",\"width\":1024,\"height\":1024},{\"@type\":\"BreadcrumbList\",\"@id\":\"https:\\\/\\\/donnacolombia.com\\\/index.php\\\/producto\\\/sandalia-tacon-6-cm-destalonada\\\/#breadcrumb\",\"itemListElement\":[{\"@type\":\"ListItem\",\"position\":1,\"name\":\"Portada\",\"item\":\"https:\\\/\\\/donnacolombia.com\\\/\"},{\"@type\":\"ListItem\",\"position\":2,\"name\":\"Tienda\",\"item\":\"https:\\\/\\\/donnacolombia.com\\\/index.php\\\/tienda\\\/\"},{\"@type\":\"ListItem\",\"position\":3,\"name\":\"Sandalia mujer tac\u00f3n 6 cm destalonada &#8211; Vizzano\"}]},{\"@type\":\"WebSite\",\"@id\":\"https:\\\/\\\/donnacolombia.com\\\/#website\",\"url\":\"https:\\\/\\\/donnacolombia.com\\\/\",\"name\":\"Donna Colombia\",\"description\":\"Calzado para dama\",\"publisher\":{\"@id\":\"https:\\\/\\\/donnacolombia.com\\\/#organization\"},\"potentialAction\":[{\"@type\":\"SearchAction\",\"target\":{\"@type\":\"EntryPoint\",\"urlTemplate\":\"https:\\\/\\\/donnacolombia.com\\\/?s={search_term_string}\"},\"query-input\":{\"@type\":\"PropertyValueSpecification\",\"valueRequired\":true,\"valueName\":\"search_term_string\"}}],\"inLanguage\":\"es\"},{\"@type\":\"Organization\",\"@id\":\"https:\\\/\\\/donnacolombia.com\\\/#organization\",\"name\":\"Donna Colombia\",\"url\":\"https:\\\/\\\/donnacolombia.com\\\/\",\"logo\":{\"@type\":\"ImageObject\",\"inLanguage\":\"es\",\"@id\":\"https:\\\/\\\/donnacolombia.com\\\/#\\\/schema\\\/logo\\\/image\\\/\",\"url\":\"https:\\\/\\\/donnacolombia.com\\\/wp-content\\\/uploads\\\/2025\\\/12\\\/cropped-LOGO-512.webp\",\"contentUrl\":\"https:\\\/\\\/donnacolombia.com\\\/wp-content\\\/uploads\\\/2025\\\/12\\\/cropped-LOGO-512.webp\",\"width\":512,\"height\":512,\"caption\":\"Donna Colombia\"},\"image\":{\"@id\":\"https:\\\/\\\/donnacolombia.com\\\/#\\\/schema\\\/logo\\\/image\\\/\"}}]}<\/script>\n<!-- \/ Yoast SEO Premium plugin. -->","yoast_head_json":{"title":"Sandalia mujer tac\u00f3n 6 cm destalonada - Vizzano - Donna Colombia","robots":{"index":"index","follow":"follow","max-snippet":"max-snippet:-1","max-image-preview":"max-image-preview:large","max-video-preview":"max-video-preview:-1"},"canonical":"https:\/\/donnacolombia.com\/index.php\/producto\/sandalia-tacon-6-cm-destalonada\/","og_locale":"es_ES","og_type":"article","og_title":"Sandalia mujer tac\u00f3n 6 cm destalonada - Vizzano","og_description":"Descubre estas sandalias Vizzano en colores elegantes como lo son el verde luna y el blanco off , fabricadas en sint\u00e9tico brasilero para una calidad premium. El tac\u00f3n cuadrado de 6 cm proporciona estabilidad y la altura perfecta. Su dise\u00f1o destalonado y la pulsera al tobillo las hacen c\u00f3modas y vers\u00e1tiles, ideales para un look [...]","og_url":"https:\/\/donnacolombia.com\/index.php\/producto\/sandalia-tacon-6-cm-destalonada\/","og_site_name":"Donna Colombia","article_modified_time":"2026-05-01T22:34:19+00:00","og_image":[{"width":1024,"height":1024,"url":"https:\/\/donnacolombia.com\/wp-content\/uploads\/2025\/12\/VERDE20LUNA206262-1035-30957-100983-1.webp","type":"image\/webp"}],"twitter_card":"summary_large_image","twitter_misc":{"Tiempo de lectura":"1 minuto"},"schema":{"@context":"https:\/\/schema.org","@graph":[{"@type":"WebPage","@id":"https:\/\/donnacolombia.com\/index.php\/producto\/sandalia-tacon-6-cm-destalonada\/","url":"https:\/\/donnacolombia.com\/index.php\/producto\/sandalia-tacon-6-cm-destalonada\/","name":"Sandalia mujer tac\u00f3n 6 cm destalonada - Vizzano - Donna Colombia","isPartOf":{"@id":"https:\/\/donnacolombia.com\/#website"},"primaryImageOfPage":{"@id":"https:\/\/donnacolombia.com\/index.php\/producto\/sandalia-tacon-6-cm-destalonada\/#primaryimage"},"image":{"@id":"https:\/\/donnacolombia.com\/index.php\/producto\/sandalia-tacon-6-cm-destalonada\/#primaryimage"},"thumbnailUrl":"https:\/\/donnacolombia.com\/wp-content\/uploads\/2025\/12\/VERDE20LUNA206262-1035-30957-100983-1.webp","datePublished":"2025-12-05T18:45:33+00:00","dateModified":"2026-05-01T22:34:19+00:00","breadcrumb":{"@id":"https:\/\/donnacolombia.com\/index.php\/producto\/sandalia-tacon-6-cm-destalonada\/#breadcrumb"},"inLanguage":"es","potentialAction":[{"@type":"ReadAction","target":["https:\/\/donnacolombia.com\/index.php\/producto\/sandalia-tacon-6-cm-destalonada\/"]}]},{"@type":"ImageObject","inLanguage":"es","@id":"https:\/\/donnacolombia.com\/index.php\/producto\/sandalia-tacon-6-cm-destalonada\/#primaryimage","url":"https:\/\/donnacolombia.com\/wp-content\/uploads\/2025\/12\/VERDE20LUNA206262-1035-30957-100983-1.webp","contentUrl":"https:\/\/donnacolombia.com\/wp-content\/uploads\/2025\/12\/VERDE20LUNA206262-1035-30957-100983-1.webp","width":1024,"height":1024},{"@type":"BreadcrumbList","@id":"https:\/\/donnacolombia.com\/index.php\/producto\/sandalia-tacon-6-cm-destalonada\/#breadcrumb","itemListElement":[{"@type":"ListItem","position":1,"name":"Portada","item":"https:\/\/donnacolombia.com\/"},{"@type":"ListItem","position":2,"name":"Tienda","item":"https:\/\/donnacolombia.com\/index.php\/tienda\/"},{"@type":"ListItem","position":3,"name":"Sandalia mujer tac\u00f3n 6 cm destalonada &#8211; Vizzano"}]},{"@type":"WebSite","@id":"https:\/\/donnacolombia.com\/#website","url":"https:\/\/donnacolombia.com\/","name":"Donna Colombia","description":"Calzado para dama","publisher":{"@id":"https:\/\/donnacolombia.com\/#organization"},"potentialAction":[{"@type":"SearchAction","target":{"@type":"EntryPoint","urlTemplate":"https:\/\/donnacolombia.com\/?s={search_term_string}"},"query-input":{"@type":"PropertyValueSpecification","valueRequired":true,"valueName":"search_term_string"}}],"inLanguage":"es"},{"@type":"Organization","@id":"https:\/\/donnacolombia.com\/#organization","name":"Donna Colombia","url":"https:\/\/donnacolombia.com\/","logo":{"@type":"ImageObject","inLanguage":"es","@id":"https:\/\/donnacolombia.com\/#\/schema\/logo\/image\/","url":"https:\/\/donnacolombia.com\/wp-content\/uploads\/2025\/12\/cropped-LOGO-512.webp","contentUrl":"https:\/\/donnacolombia.com\/wp-content\/uploads\/2025\/12\/cropped-LOGO-512.webp","width":512,"height":512,"caption":"Donna Colombia"},"image":{"@id":"https:\/\/donnacolombia.com\/#\/schema\/logo\/image\/"}}]}},"_links":{"self":[{"href":"https:\/\/donnacolombia.com\/index.php\/wp-json\/wp\/v2\/product\/23803","targetHints":{"allow":["GET"]}}],"collection":[{"href":"https:\/\/donnacolombia.com\/index.php\/wp-json\/wp\/v2\/product"}],"about":[{"href":"https:\/\/donnacolombia.com\/index.php\/wp-json\/wp\/v2\/types\/product"}],"wp:featuredmedia":[{"embeddable":true,"href":"https:\/\/donnacolombia.com\/index.php\/wp-json\/wp\/v2\/media\/23845"}],"wp:attachment":[{"href":"https:\/\/donnacolombia.com\/index.php\/wp-json\/wp\/v2\/media?parent=23803"}],"wp:term":[{"taxonomy":"product_brand","embeddable":true,"href":"https:\/\/donnacolombia.com\/index.php\/wp-json\/wp\/v2\/product_brand?post=23803"},{"taxonomy":"product_cat","embeddable":true,"href":"https:\/\/donnacolombia.com\/index.php\/wp-json\/wp\/v2\/product_cat?post=23803"},{"taxonomy":"product_tag","embeddable":true,"href":"https:\/\/donnacolombia.com\/index.php\/wp-json\/wp\/v2\/product_tag?post=23803"}],"curies":[{"name":"wp","href":"https:\/\/api.w.org\/{rel}","templated":true}]}}